{"id":489,"date":"2025-05-26T15:38:14","date_gmt":"2025-05-26T13:38:14","guid":{"rendered":"https:\/\/leviathan-dynamics.com\/solutions\/oem\/"},"modified":"2025-07-18T12:05:32","modified_gmt":"2025-07-18T10:05:32","slug":"oem","status":"publish","type":"page","link":"https:\/\/leviathan-dynamics.com\/fr\/solutions\/oem\/","title":{"rendered":"OEM"},"content":{"rendered":"\n<section class=\"block-product-banner has-bg\" data-bg-image=\"https:\/\/leviathan-dynamics.com\/wp-content\/uploads\/2025\/05\/oem-banner.png\">\n    <div class=\"container position-relative\">\n        <div class=\"block-product-banner__inner\">\n            <div class=\"row g-4\">\n                <div class=\"col-12 col-lg-7 order-lg-1\">\n                    \n                                            <ul class=\"page-meta\">\n                                                            <li>\n                                    <strong>Pour les fabricants<\/strong>\n                                <\/li>\n                                                    <\/ul>\n                    \n                    <h1 class=\"page-title\">\n                        OEM                    <\/h1>\n\n                                            <p class=\"page-tagline\">Int\u00e9grez la technologie de compresseur de Leviathan Dynamics dans vos machines.<\/p>\n                    \n                    \n                                            <div class=\"d-grid d-sm-inline\">\n                            <a class=\"btn-deep-blue\" href=\"https:\/\/leviathan-dynamics.com\/fr\/contactez-nous\/\">\n                                <span>Contactez nous<\/span>\n                            <\/a>\n                        <\/div>\n                                    <\/div>\n                <div class=\"col-12 col-lg-5 order-lg-0 text-center text-lg-start\">\n                    <img decoding=\"async\" width=\"538\" height=\"520\" src=\"https:\/\/leviathan-dynamics.com\/wp-content\/uploads\/2025\/05\/compresseur-volute-thumb-538x520.png\" class=\"w-100 img-fluid page-thumb wp-post-image\" alt=\"\" srcset=\"https:\/\/leviathan-dynamics.com\/wp-content\/uploads\/2025\/05\/compresseur-volute-thumb-538x520.png 538w, https:\/\/leviathan-dynamics.com\/wp-content\/uploads\/2025\/05\/compresseur-volute-thumb-300x290.png 300w, https:\/\/leviathan-dynamics.com\/wp-content\/uploads\/2025\/05\/compresseur-volute-thumb-768x743.png 768w, https:\/\/leviathan-dynamics.com\/wp-content\/uploads\/2025\/05\/compresseur-volute-thumb-1024x990.png 1024w, https:\/\/leviathan-dynamics.com\/wp-content\/uploads\/2025\/05\/compresseur-volute-thumb-196x190.png 196w, https:\/\/leviathan-dynamics.com\/wp-content\/uploads\/2025\/05\/compresseur-volute-thumb-83x80.png 83w, https:\/\/leviathan-dynamics.com\/wp-content\/uploads\/2025\/05\/compresseur-volute-thumb.png 1092w\" sizes=\"(max-width: 538px) 100vw, 538px\" \/>                <\/div>\n            <\/div>\n        <\/div>\n\n        <div class=\"text-end\">\n            <a href=\"#\" class=\"btn-learn-more btn-scroll-down\">\n                <span>En savoir plus<\/span> <i class=\"icon-arrow-down\"><\/i>\n            <\/a>\n        <\/div>\n    <\/div>\n<\/section>\n\n\n\n<section class=\"block-jumbotron py__large block-jumbotron__center\" style=\"background-image: url('https:\/\/leviathan-dynamics.com\/wp-content\/uploads\/2025\/05\/oem-integration.jpg')\">\n    <div class=\"container\">\n                    <h3>Etes-vous int\u00e9ress\u00e9 pour inclure les compresseurs de Leviathan Dynamics dans vos machines ?<\/h3>\n        \n        <p>Contactez nous pour discuter de votre besoin et vous partager une pr\u00e9sentation compl\u00e8te de notre technologie.<\/p>\n\n            <\/div>\n<\/section>\n\n\n\n<div class=\"block-discover py__large bg-radial-gradient\">\n    <div class=\"container\">\n        <div class=\"section-header\">\n                                        <h3 style=\"color: #062954\">\n                    D\u00e9couvrez nos autres solutions                <\/h3>\n                    <\/div>\n\n                    <div class=\"section-content\">\n                <div class=\"row row-cols-1 row-cols-lg-2 g-4\">\n                                            \n                        <div class=\"col\">\n                            <div class=\"card card-discover bg-blur\">\n                                <div class=\"card-body\">\n                                    <div class=\"row h-100\">\n                                                                                    <div class=\"col-lg-5 d-lg-grid\">\n                                                <img decoding=\"async\" width=\"113\" height=\"190\" src=\"https:\/\/leviathan-dynamics.com\/wp-content\/uploads\/2025\/05\/turbevapwaste-water-treatment-system-thumb-113x190.png\" class=\"card-thumb wp-post-image\" alt=\"\" srcset=\"https:\/\/leviathan-dynamics.com\/wp-content\/uploads\/2025\/05\/turbevapwaste-water-treatment-system-thumb-113x190.png 113w, https:\/\/leviathan-dynamics.com\/wp-content\/uploads\/2025\/05\/turbevapwaste-water-treatment-system-thumb-178x300.png 178w, https:\/\/leviathan-dynamics.com\/wp-content\/uploads\/2025\/05\/turbevapwaste-water-treatment-system-thumb-607x1024.png 607w, https:\/\/leviathan-dynamics.com\/wp-content\/uploads\/2025\/05\/turbevapwaste-water-treatment-system-thumb-308x520.png 308w, https:\/\/leviathan-dynamics.com\/wp-content\/uploads\/2025\/05\/turbevapwaste-water-treatment-system-thumb-47x80.png 47w, https:\/\/leviathan-dynamics.com\/wp-content\/uploads\/2025\/05\/turbevapwaste-water-treatment-system-thumb.png 627w\" sizes=\"(max-width: 113px) 100vw, 113px\" \/>                                            <\/div>\n                                        \n                                        <div class=\"col-lg-7\">\n                                            <div class=\"d-flex flex-column h-100\">\n                                                                                                    <ul class=\"page-meta\">\n                                                                                                                    <li><strong>Traitement des eaux us\u00e9es industrielles<\/strong><\/li>\n                                                                                                                    <li><strong>Concentration<\/strong><\/li>\n                                                                                                                    <li><strong>R\u00e9g\u00e9n\u00e9ration de solvants<\/strong><\/li>\n                                                                                                            <\/ul>\n                                                \n                                                <h4 class=\"card-title\">\u00c9vapo-concentrateur basse temp\u00e9rature<\/h4>\n\n                                                                                                    <p class=\"card-desc\">L&rsquo;externalisation du traitement de vos eaux us\u00e9es est co\u00fbteuse, consomme beaucoup d&rsquo;eau et g\u00e9n\u00e8re d&rsquo;importantes \u00e9missions de CO\u2082.<\/p>\n                                                \n                                                                                                    <div class=\"pt-1 mt-auto\">\n                                                        <a class=\"btn btn-outline-primary btn-sm\" href=\"https:\/\/leviathan-dynamics.com\/fr\/solutions\/systeme-de-traitement-des-eaux-usees-industrielles\/\">\n                                                            D\u00e9couvrir <span class=\"icon-arrow-right\"><\/span>\n                                                        <\/a>\n                                                    <\/div>\n                                                                                            <\/div>\n                                        <\/div>\n                                    <\/div>\n                                <\/div>\n                            <\/div>\n                        <\/div>\n                                            \n                        <div class=\"col\">\n                            <div class=\"card card-discover bg-blur\">\n                                <div class=\"card-body\">\n                                    <div class=\"row h-100\">\n                                                                                    <div class=\"col-lg-5 d-lg-grid\">\n                                                <img decoding=\"async\" width=\"149\" height=\"190\" src=\"https:\/\/leviathan-dynamics.com\/wp-content\/uploads\/2025\/05\/heating-cooling-thumb-149x190.png\" class=\"card-thumb wp-post-image\" alt=\"\" srcset=\"https:\/\/leviathan-dynamics.com\/wp-content\/uploads\/2025\/05\/heating-cooling-thumb-149x190.png 149w, https:\/\/leviathan-dynamics.com\/wp-content\/uploads\/2025\/05\/heating-cooling-thumb-235x300.png 235w, https:\/\/leviathan-dynamics.com\/wp-content\/uploads\/2025\/05\/heating-cooling-thumb-768x979.png 768w, https:\/\/leviathan-dynamics.com\/wp-content\/uploads\/2025\/05\/heating-cooling-thumb-804x1024.png 804w, https:\/\/leviathan-dynamics.com\/wp-content\/uploads\/2025\/05\/heating-cooling-thumb-1205x1536.png 1205w, https:\/\/leviathan-dynamics.com\/wp-content\/uploads\/2025\/05\/heating-cooling-thumb-408x520.png 408w, https:\/\/leviathan-dynamics.com\/wp-content\/uploads\/2025\/05\/heating-cooling-thumb-63x80.png 63w, https:\/\/leviathan-dynamics.com\/wp-content\/uploads\/2025\/05\/heating-cooling-thumb.png 1243w\" sizes=\"(max-width: 149px) 100vw, 149px\" \/>                                            <\/div>\n                                        \n                                        <div class=\"col-lg-7\">\n                                            <div class=\"d-flex flex-column h-100\">\n                                                                                                    <ul class=\"page-meta\">\n                                                                                                                    <li><strong>Groupe froid<\/strong><\/li>\n                                                                                                                    <li><strong>CVC<\/strong><\/li>\n                                                                                                                    <li><strong>Pompe \u00e0 chaleur<\/strong><\/li>\n                                                                                                            <\/ul>\n                                                \n                                                <h4 class=\"card-title\">Solutions de chauffage et de refroidissement<\/h4>\n\n                                                                                                    <p class=\"card-desc\">La r\u00e9volution du chauffage et du refroidissement, en utilisant l&rsquo;eau comme r\u00e9frig\u00e9rant<\/p>\n                                                \n                                                                                                    <div class=\"pt-1 mt-auto\">\n                                                        <a class=\"btn btn-outline-primary btn-sm\" href=\"https:\/\/leviathan-dynamics.com\/fr\/solutions\/solutions-de-chauffage-et-de-refroidissement\/\">\n                                                            D\u00e9couvrir <span class=\"icon-arrow-right\"><\/span>\n                                                        <\/a>\n                                                    <\/div>\n                                                                                            <\/div>\n                                        <\/div>\n                                    <\/div>\n                                <\/div>\n                            <\/div>\n                        <\/div>\n                                    <\/div>\n            <\/div>\n            <\/div>\n<\/div>\n","protected":false},"excerpt":{"rendered":"","protected":false},"author":1,"featured_media":394,"parent":483,"menu_order":0,"comment_status":"closed","ping_status":"closed","template":"","meta":{"_acf_changed":false,"footnotes":""},"class_list":["post-489","page","type-page","status-publish","has-post-thumbnail","hentry"],"acf":[],"yoast_head":"<!-- This site is optimized with the Yoast SEO plugin v26.1.1 - https:\/\/yoast.com\/wordpress\/plugins\/seo\/ -->\n<title>OEM | Leviathan Dynamics<\/title>\n<meta name=\"robots\" content=\"index, follow, max-snippet:-1, max-image-preview:large, max-video-preview:-1\" \/>\n<link rel=\"canonical\" href=\"https:\/\/leviathan-dynamics.com\/fr\/solutions\/oem\/\" \/>\n<meta property=\"og:locale\" content=\"fr_FR\" \/>\n<meta property=\"og:type\" content=\"article\" \/>\n<meta property=\"og:title\" content=\"OEM | Leviathan Dynamics\" \/>\n<meta property=\"og:url\" content=\"https:\/\/leviathan-dynamics.com\/fr\/solutions\/oem\/\" \/>\n<meta property=\"og:site_name\" content=\"Leviathan Dynamics\" \/>\n<meta property=\"article:modified_time\" content=\"2025-07-18T10:05:32+00:00\" \/>\n<meta property=\"og:image\" content=\"https:\/\/leviathan-dynamics.com\/wp-content\/uploads\/2025\/05\/compresseur-volute-thumb.png\" \/>\n\t<meta property=\"og:image:width\" content=\"1092\" \/>\n\t<meta property=\"og:image:height\" content=\"1056\" \/>\n\t<meta property=\"og:image:type\" content=\"image\/png\" \/>\n<meta name=\"twitter:card\" content=\"summary_large_image\" \/>\n<meta name=\"twitter:label1\" content=\"Dur\u00e9e de lecture estim\u00e9e\" \/>\n\t<meta name=\"twitter:data1\" content=\"1 minute\" \/>\n<script type=\"application\/ld+json\" class=\"yoast-schema-graph\">{\"@context\":\"https:\/\/schema.org\",\"@graph\":[{\"@type\":\"WebPage\",\"@id\":\"https:\/\/leviathan-dynamics.com\/fr\/solutions\/oem\/\",\"url\":\"https:\/\/leviathan-dynamics.com\/fr\/solutions\/oem\/\",\"name\":\"OEM | Leviathan Dynamics\",\"isPartOf\":{\"@id\":\"https:\/\/leviathan-dynamics.com\/fr\/#website\"},\"primaryImageOfPage\":{\"@id\":\"https:\/\/leviathan-dynamics.com\/fr\/solutions\/oem\/#primaryimage\"},\"image\":{\"@id\":\"https:\/\/leviathan-dynamics.com\/fr\/solutions\/oem\/#primaryimage\"},\"thumbnailUrl\":\"https:\/\/leviathan-dynamics.com\/wp-content\/uploads\/2025\/05\/compresseur-volute-thumb.png\",\"datePublished\":\"2025-05-26T13:38:14+00:00\",\"dateModified\":\"2025-07-18T10:05:32+00:00\",\"breadcrumb\":{\"@id\":\"https:\/\/leviathan-dynamics.com\/fr\/solutions\/oem\/#breadcrumb\"},\"inLanguage\":\"fr-FR\",\"potentialAction\":[{\"@type\":\"ReadAction\",\"target\":[\"https:\/\/leviathan-dynamics.com\/fr\/solutions\/oem\/\"]}]},{\"@type\":\"ImageObject\",\"inLanguage\":\"fr-FR\",\"@id\":\"https:\/\/leviathan-dynamics.com\/fr\/solutions\/oem\/#primaryimage\",\"url\":\"https:\/\/leviathan-dynamics.com\/wp-content\/uploads\/2025\/05\/compresseur-volute-thumb.png\",\"contentUrl\":\"https:\/\/leviathan-dynamics.com\/wp-content\/uploads\/2025\/05\/compresseur-volute-thumb.png\",\"width\":1092,\"height\":1056},{\"@type\":\"BreadcrumbList\",\"@id\":\"https:\/\/leviathan-dynamics.com\/fr\/solutions\/oem\/#breadcrumb\",\"itemListElement\":[{\"@type\":\"ListItem\",\"position\":1,\"name\":\"Home\",\"item\":\"https:\/\/leviathan-dynamics.com\/fr\/\"},{\"@type\":\"ListItem\",\"position\":2,\"name\":\"Solutions\",\"item\":\"https:\/\/leviathan-dynamics.com\/fr\/solutions\/\"},{\"@type\":\"ListItem\",\"position\":3,\"name\":\"OEM\"}]},{\"@type\":\"WebSite\",\"@id\":\"https:\/\/leviathan-dynamics.com\/fr\/#website\",\"url\":\"https:\/\/leviathan-dynamics.com\/fr\/\",\"name\":\"Leviathan Dynamics\",\"description\":\"Specialist in thermodynamic machineries based on Mechanical Vapor Compression\",\"publisher\":{\"@id\":\"https:\/\/leviathan-dynamics.com\/fr\/#organization\"},\"potentialAction\":[{\"@type\":\"SearchAction\",\"target\":{\"@type\":\"EntryPoint\",\"urlTemplate\":\"https:\/\/leviathan-dynamics.com\/fr\/?s={search_term_string}\"},\"query-input\":{\"@type\":\"PropertyValueSpecification\",\"valueRequired\":true,\"valueName\":\"search_term_string\"}}],\"inLanguage\":\"fr-FR\"},{\"@type\":\"Organization\",\"@id\":\"https:\/\/leviathan-dynamics.com\/fr\/#organization\",\"name\":\"Leviathan Dynamics\",\"url\":\"https:\/\/leviathan-dynamics.com\/fr\/\",\"logo\":{\"@type\":\"ImageObject\",\"inLanguage\":\"fr-FR\",\"@id\":\"https:\/\/leviathan-dynamics.com\/fr\/#\/schema\/logo\/image\/\",\"url\":\"https:\/\/leviathan-dynamics.com\/wp-content\/uploads\/2025\/06\/logo.png\",\"contentUrl\":\"https:\/\/leviathan-dynamics.com\/wp-content\/uploads\/2025\/06\/logo.png\",\"width\":708,\"height\":224,\"caption\":\"Leviathan Dynamics\"},\"image\":{\"@id\":\"https:\/\/leviathan-dynamics.com\/fr\/#\/schema\/logo\/image\/\"},\"sameAs\":[\"https:\/\/www.linkedin.com\/company\/leviathan-dynamics\"]}]}<\/script>\n<!-- \/ Yoast SEO plugin. -->","yoast_head_json":{"title":"OEM | Leviathan Dynamics","robots":{"index":"index","follow":"follow","max-snippet":"max-snippet:-1","max-image-preview":"max-image-preview:large","max-video-preview":"max-video-preview:-1"},"canonical":"https:\/\/leviathan-dynamics.com\/fr\/solutions\/oem\/","og_locale":"fr_FR","og_type":"article","og_title":"OEM | Leviathan Dynamics","og_url":"https:\/\/leviathan-dynamics.com\/fr\/solutions\/oem\/","og_site_name":"Leviathan Dynamics","article_modified_time":"2025-07-18T10:05:32+00:00","og_image":[{"width":1092,"height":1056,"url":"https:\/\/leviathan-dynamics.com\/wp-content\/uploads\/2025\/05\/compresseur-volute-thumb.png","type":"image\/png"}],"twitter_card":"summary_large_image","twitter_misc":{"Dur\u00e9e de lecture estim\u00e9e":"1 minute"},"schema":{"@context":"https:\/\/schema.org","@graph":[{"@type":"WebPage","@id":"https:\/\/leviathan-dynamics.com\/fr\/solutions\/oem\/","url":"https:\/\/leviathan-dynamics.com\/fr\/solutions\/oem\/","name":"OEM | Leviathan Dynamics","isPartOf":{"@id":"https:\/\/leviathan-dynamics.com\/fr\/#website"},"primaryImageOfPage":{"@id":"https:\/\/leviathan-dynamics.com\/fr\/solutions\/oem\/#primaryimage"},"image":{"@id":"https:\/\/leviathan-dynamics.com\/fr\/solutions\/oem\/#primaryimage"},"thumbnailUrl":"https:\/\/leviathan-dynamics.com\/wp-content\/uploads\/2025\/05\/compresseur-volute-thumb.png","datePublished":"2025-05-26T13:38:14+00:00","dateModified":"2025-07-18T10:05:32+00:00","breadcrumb":{"@id":"https:\/\/leviathan-dynamics.com\/fr\/solutions\/oem\/#breadcrumb"},"inLanguage":"fr-FR","potentialAction":[{"@type":"ReadAction","target":["https:\/\/leviathan-dynamics.com\/fr\/solutions\/oem\/"]}]},{"@type":"ImageObject","inLanguage":"fr-FR","@id":"https:\/\/leviathan-dynamics.com\/fr\/solutions\/oem\/#primaryimage","url":"https:\/\/leviathan-dynamics.com\/wp-content\/uploads\/2025\/05\/compresseur-volute-thumb.png","contentUrl":"https:\/\/leviathan-dynamics.com\/wp-content\/uploads\/2025\/05\/compresseur-volute-thumb.png","width":1092,"height":1056},{"@type":"BreadcrumbList","@id":"https:\/\/leviathan-dynamics.com\/fr\/solutions\/oem\/#breadcrumb","itemListElement":[{"@type":"ListItem","position":1,"name":"Home","item":"https:\/\/leviathan-dynamics.com\/fr\/"},{"@type":"ListItem","position":2,"name":"Solutions","item":"https:\/\/leviathan-dynamics.com\/fr\/solutions\/"},{"@type":"ListItem","position":3,"name":"OEM"}]},{"@type":"WebSite","@id":"https:\/\/leviathan-dynamics.com\/fr\/#website","url":"https:\/\/leviathan-dynamics.com\/fr\/","name":"Leviathan Dynamics","description":"Specialist in thermodynamic machineries based on Mechanical Vapor Compression","publisher":{"@id":"https:\/\/leviathan-dynamics.com\/fr\/#organization"},"potentialAction":[{"@type":"SearchAction","target":{"@type":"EntryPoint","urlTemplate":"https:\/\/leviathan-dynamics.com\/fr\/?s={search_term_string}"},"query-input":{"@type":"PropertyValueSpecification","valueRequired":true,"valueName":"search_term_string"}}],"inLanguage":"fr-FR"},{"@type":"Organization","@id":"https:\/\/leviathan-dynamics.com\/fr\/#organization","name":"Leviathan Dynamics","url":"https:\/\/leviathan-dynamics.com\/fr\/","logo":{"@type":"ImageObject","inLanguage":"fr-FR","@id":"https:\/\/leviathan-dynamics.com\/fr\/#\/schema\/logo\/image\/","url":"https:\/\/leviathan-dynamics.com\/wp-content\/uploads\/2025\/06\/logo.png","contentUrl":"https:\/\/leviathan-dynamics.com\/wp-content\/uploads\/2025\/06\/logo.png","width":708,"height":224,"caption":"Leviathan Dynamics"},"image":{"@id":"https:\/\/leviathan-dynamics.com\/fr\/#\/schema\/logo\/image\/"},"sameAs":["https:\/\/www.linkedin.com\/company\/leviathan-dynamics"]}]}},"_links":{"self":[{"href":"https:\/\/leviathan-dynamics.com\/fr\/wp-json\/wp\/v2\/pages\/489","targetHints":{"allow":["GET"]}}],"collection":[{"href":"https:\/\/leviathan-dynamics.com\/fr\/wp-json\/wp\/v2\/pages"}],"about":[{"href":"https:\/\/leviathan-dynamics.com\/fr\/wp-json\/wp\/v2\/types\/page"}],"author":[{"embeddable":true,"href":"https:\/\/leviathan-dynamics.com\/fr\/wp-json\/wp\/v2\/users\/1"}],"replies":[{"embeddable":true,"href":"https:\/\/leviathan-dynamics.com\/fr\/wp-json\/wp\/v2\/comments?post=489"}],"version-history":[{"count":3,"href":"https:\/\/leviathan-dynamics.com\/fr\/wp-json\/wp\/v2\/pages\/489\/revisions"}],"predecessor-version":[{"id":893,"href":"https:\/\/leviathan-dynamics.com\/fr\/wp-json\/wp\/v2\/pages\/489\/revisions\/893"}],"up":[{"embeddable":true,"href":"https:\/\/leviathan-dynamics.com\/fr\/wp-json\/wp\/v2\/pages\/483"}],"wp:featuredmedia":[{"embeddable":true,"href":"https:\/\/leviathan-dynamics.com\/fr\/wp-json\/wp\/v2\/media\/394"}],"wp:attachment":[{"href":"https:\/\/leviathan-dynamics.com\/fr\/wp-json\/wp\/v2\/media?parent=489"}],"curies":[{"name":"wp","href":"https:\/\/api.w.org\/{rel}","templated":true}]}}