{"id":554,"date":"2025-05-19T08:25:44","date_gmt":"2025-05-19T06:25:44","guid":{"rendered":"https:\/\/leviathan-dynamics.com\/about-us\/"},"modified":"2025-11-13T08:03:22","modified_gmt":"2025-11-13T07:03:22","slug":"a-propos","status":"publish","type":"page","link":"https:\/\/leviathan-dynamics.com\/fr\/a-propos\/","title":{"rendered":"A propos"},"content":{"rendered":"\n<section class=\"page-banner py__large page-banner__about_us align wp-block-acf-page-banner\">\n    <div class=\"container\">\n        <div class=\"row gx-lg-0 align-items-lg-end\">\n            <div class=\"page-banner__content col-lg-6 order-lg-last\">\n                <!-- Title -->\n                                    <h1 class=\"page-banner__title\">A propos<\/h1>\n                                <!-- Description -->\n                                    <div class=\"page-banner__desc\">\n                        <p>Exploiter le pouvoir de l&rsquo;eau pour r\u00e9duire radicalement notre impact sur l&rsquo;environnement<\/p>\n                    <\/div>\n                                <!-- Extra Description -->\n                            <\/div>\n                            <div class=\"col-lg-6\">\n                    <img decoding=\"async\" width=\"640\" height=\"434\" src=\"https:\/\/leviathan-dynamics.com\/wp-content\/uploads\/2025\/06\/team-levi-768x521.jpg\" class=\"w-100 img-fluid wp-post-image\" alt=\"\" srcset=\"https:\/\/leviathan-dynamics.com\/wp-content\/uploads\/2025\/06\/team-levi-768x521.jpg 768w, https:\/\/leviathan-dynamics.com\/wp-content\/uploads\/2025\/06\/team-levi-300x204.jpg 300w, https:\/\/leviathan-dynamics.com\/wp-content\/uploads\/2025\/06\/team-levi-766x520.jpg 766w, https:\/\/leviathan-dynamics.com\/wp-content\/uploads\/2025\/06\/team-levi-280x190.jpg 280w, https:\/\/leviathan-dynamics.com\/wp-content\/uploads\/2025\/06\/team-levi-118x80.jpg 118w, https:\/\/leviathan-dynamics.com\/wp-content\/uploads\/2025\/06\/team-levi.jpg 840w\" sizes=\"(max-width: 640px) 100vw, 640px\" \/>                <\/div>\n                    <\/div>\n    <\/div>\n<\/section>\n\n\n<section class=\"basic-content py__large bg-radial-gradient\">\n    <div class=\"container\">\n        <div class=\"row\">\n            <div class=\"col-lg-12\">\n                <!-- Title -->\n                                    <h2 class=\"section-title\">Fier d&rsquo;\u00eatre une entreprise Tech For Good.<\/h2>\n                            <\/div>\n        <\/div>\n\n        <!-- Introduction -->\n        <div class=\"row mb-80px\">\n            <!-- Image -->\n            \n            <!-- Description -->\n                    <\/div>\n\n                    <div class=\"row gx-40px__lg\">\n                                    <div class=\"col-md-6 mb-md-0 mb-3\">\n                        <div class=\"block-content h-100\">\n                            <div>\n                                <!-- Icon -->\n                                \n                                <!-- Title -->\n                                                                    <h3 class=\"block-content__title\">\n                                        Chauffer et refroidir sans nuire \u00e0 la plan\u00e8te                                    <\/h3>\n                                \n                                <!-- Description -->\n                                <div class=\"block-content__desc font-size__large\">\n                                    <p><span data-sheets-root=\"1\">La lutte contre le changement climatique passe avant tout par une plus grande <strong>sobri\u00e9t\u00e9<\/strong>. Mais de nombreuses applications civiles et industrielles n\u00e9cessiteront toujours du <strong>chauffage et du refroidissement<\/strong>. Nous avons d\u00e9velopp\u00e9 une technologie de chauffage et de refroidissement qui <strong>repose uniquement<\/strong> <strong>sur l&rsquo;eau<\/strong>, et non sur des <strong>gaz fluor\u00e9s nocifs<\/strong>.<\/span><\/p>\n                                <\/div>\n                            <\/div>\n\n                            <!-- Button Internal Link -->\n                                                    <\/div>\n                    <\/div>\n                                    <div class=\"col-md-6 mb-md-0 \">\n                        <div class=\"block-content h-100\">\n                            <div>\n                                <!-- Icon -->\n                                \n                                <!-- Title -->\n                                                                    <h3 class=\"block-content__title\">\n                                        Mieux g\u00e9rer nos ressources en eau                                    <\/h3>\n                                \n                                <!-- Description -->\n                                <div class=\"block-content__desc font-size__large\">\n                                    <p><span data-sheets-root=\"1\">L&rsquo;eau a toujours \u00e9t\u00e9 une <strong>ressource pr\u00e9cieuse\u00a0<\/strong>et l&rsquo;est de plus en plus avec l&rsquo;impact du changement climatique. Nos solutions sont con\u00e7ues pour fonctionner avec les <strong>eaux grises<\/strong>, et nous avons d\u00e9velopp\u00e9 des technologies d\u00e9di\u00e9es \u00e0 l&rsquo;<strong>\u00e9puration efficace<\/strong> des eaux us\u00e9es industrielles.<\/span><\/p>\n                                <\/div>\n                            <\/div>\n\n                            <!-- Button Internal Link -->\n                                                    <\/div>\n                    <\/div>\n                            <\/div>\n            <\/div>\n<\/section>\n\n\n<section class=\"history\">\n    <div class=\"container\">\n        <div class=\"row\">\n            <div class=\"col-md-6 col-lg-5\">\n                <div class=\"history__content mb-3 mb-lg-5\">\n                                            <h2 class=\"section-title\">\n                            Our mission                        <\/h2>\n                    \n                    <p>La mission de Leviathan Dynamics est de contribuer \u00e0 la d\u00e9carbonation de l\u2019industrie et du tertiaire, en cr\u00e9ant des boucles vertueuses de r\u00e9utilisation de l\u2019eau et en <a href=\"https:\/\/leviathan-dynamics.com\/\" target=\"_blank\" rel=\"noopener\">supprimant les gaz fluor\u00e9s<\/a>.<\/p>\n                <\/div>\n\n                <div class=\"history__content\">\n                                            <h2 class=\"section-title\">\n                            Pourquoi nous appelons-nous Leviathan Dynamics ?                        <\/h2>\n                    \n                    <p><span data-sheets-root=\"1\">Le L\u00e9viathan est une puissante cr\u00e9ature marine mythique. Il repr\u00e9sente la puissance de l&rsquo;eau, que nous exploitons pour cr\u00e9er des innovations propres et puissantes.<\/span><\/p>\n<p><span data-sheets-root=\"1\">Dynamics repr\u00e9sente notre utilisation de la force centrifuge, qui est au centre de notre technologie de compresseur.<\/span><\/p>\n                <\/div>\n            <\/div>\n        <\/div>\n    <\/div>\n\n    <picture>\n        <source media=\"(min-width: 768px)\" srcset=\"https:\/\/leviathan-dynamics.com\/wp-content\/uploads\/2025\/05\/bg-history.png\">\n        <img decoding=\"async\" src=\"https:\/\/leviathan-dynamics.com\/wp-content\/uploads\/2025\/05\/bg-history-mobile.png\" alt=\"\" class=\"history__bg\">\n    <\/picture>\n<\/section>\n\n\n<section class=\"basic-content py__large bg-radial-gradient\">\n    <div class=\"container\">\n        <div class=\"row\">\n            <div class=\"col-lg-12\">\n                <!-- Title -->\n                            <\/div>\n        <\/div>\n\n        <!-- Introduction -->\n        <div class=\"row mb-80px\">\n            <!-- Image -->\n            \n            <!-- Description -->\n                    <\/div>\n\n                    <div class=\"row gx-40px__lg\">\n                                    <div class=\"col-md-6 mb-md-0 mb-3\">\n                        <div class=\"block-content h-100\">\n                            <div>\n                                <!-- Icon -->\n                                <span class=\"icon-planet icon-color__blue field-icon\"><\/span>\n                                <!-- Title -->\n                                                                    <h3 class=\"block-content__title\">\n                                        La science est notre m\u00e9tier.  La plan\u00e8te est notre premier client.                                    <\/h3>\n                                \n                                <!-- Description -->\n                                <div class=\"block-content__desc font-size__normal\">\n                                    <p><span data-sheets-root=\"1\"><strong>Nous sommes des scientifiques dans l&rsquo;\u00e2me.<\/strong> Nous pensons qu&rsquo;une <strong>bonne science implique une compr\u00e9hension profonde<\/strong> du probl\u00e8me en question et qu&rsquo;il ne faut pas se contenter de solutions qui ne font qu&rsquo;effleurer la surface.<\/span><\/p>\n<p><strong>Nous avons besoin d&rsquo;un changement<\/strong> syst\u00e9mique pour lutter contre la crise climatique, et nous nous effor\u00e7ons de fournir aux industries des solutions qui r\u00e9duisent radicalement leur impact sur le climat et les \u00e9cosyst\u00e8mes.<\/p>\n<p>Nous pensons \u00e9galement que <strong>les solutions de rupture doivent prendre en compte l&rsquo;ensemble de la dur\u00e9e de vie du produit<\/strong> et nous voulons proposer des technologies accessibles et durables.<\/p>\n                                <\/div>\n                            <\/div>\n\n                            <!-- Button Internal Link -->\n                                                    <\/div>\n                    <\/div>\n                                    <div class=\"col-md-6 mb-md-0 \">\n                        <div class=\"block-content h-100\">\n                            <div>\n                                <!-- Icon -->\n                                <span class=\"icon-social icon-color__blue field-icon\"><\/span>\n                                <!-- Title -->\n                                                                    <h3 class=\"block-content__title\">\n                                        Prot\u00e9ger les \u00e9cosyst\u00e8mes, c&rsquo;est aussi faire preuve de responsabilit\u00e9 sociale                                    <\/h3>\n                                \n                                <!-- Description -->\n                                <div class=\"block-content__desc font-size__normal\">\n                                    <p><span data-sheets-root=\"1\">Notre responsabilit\u00e9 \u00e0 l&rsquo;\u00e9gard de la plan\u00e8te et de ses \u00e9cosyst\u00e8mes s&rsquo;\u00e9tend \u00e9galement aux communaut\u00e9s qui nous entourent. <strong>Nous pensons que les entreprises doivent montrer la bonne voie \u00e0 leurs employ\u00e9s<\/strong> et \u00e0 leur environnement social.<\/span><\/p>\n<p><strong>Nous nous engageons \u00e0 aider la soci\u00e9t\u00e9 \u00e0 \u00eatre plus juste.<\/strong> Nous avons install\u00e9 notre entreprise \u00e0 La Courneuve, en banlieue parisienne, en esp\u00e9rant que nous pourrons, \u00e0 l&rsquo;avenir, contribuer \u00e0 la dynamique de ce quartier.<\/p>\n                                <\/div>\n                            <\/div>\n\n                            <!-- Button Internal Link -->\n                                                    <\/div>\n                    <\/div>\n                            <\/div>\n            <\/div>\n<\/section>\n\n\n<section class=\"our-management py__large\">\n    <div class=\"container\">\n        <div class=\"row\">\n            <div class=\"col-lg-12 text-center\">\n                                    <h2 class=\"section-title d-inline-block\">\n                        Notre management                    <\/h2>\n                            <\/div>\n        <\/div>\n                    <div class=\"row gx-32px__lg justify-content-center\">\n                                    <div class=\"col-md-6 col-lg-4 mb-4 mb-lg-0\">\n                        <div class=\"our-management__card\">\n                                                            <img decoding=\"async\" width=\"80\" height=\"80\" src=\"https:\/\/leviathan-dynamics.com\/wp-content\/uploads\/2025\/06\/Naoufel-MENADI-1-80x80.jpg\" class=\"our-management__card__img\" alt=\"\" srcset=\"https:\/\/leviathan-dynamics.com\/wp-content\/uploads\/2025\/06\/Naoufel-MENADI-1-80x80.jpg 80w, https:\/\/leviathan-dynamics.com\/wp-content\/uploads\/2025\/06\/Naoufel-MENADI-1-150x150.jpg 150w, https:\/\/leviathan-dynamics.com\/wp-content\/uploads\/2025\/06\/Naoufel-MENADI-1-190x190.jpg 190w, https:\/\/leviathan-dynamics.com\/wp-content\/uploads\/2025\/06\/Naoufel-MENADI-1.jpg 200w\" sizes=\"(max-width: 80px) 100vw, 80px\" \/>                                                        <div class=\"our-management__card__content\">\n                                                                    <h4>\n                                        Naoufel Menadi                                    <\/h4>\n                                                                                                    <h5>\n                                        CEO                                    <\/h5>\n                                                            <\/div>\n                        <\/div>\n                    <\/div>\n                                    <div class=\"col-md-6 col-lg-4 mb-4 mb-lg-0\">\n                        <div class=\"our-management__card\">\n                                                            <img decoding=\"async\" width=\"80\" height=\"80\" src=\"https:\/\/leviathan-dynamics.com\/wp-content\/uploads\/2025\/06\/Karino-KANG-1-80x80.jpg\" class=\"our-management__card__img\" alt=\"\" srcset=\"https:\/\/leviathan-dynamics.com\/wp-content\/uploads\/2025\/06\/Karino-KANG-1-80x80.jpg 80w, https:\/\/leviathan-dynamics.com\/wp-content\/uploads\/2025\/06\/Karino-KANG-1-150x150.jpg 150w, https:\/\/leviathan-dynamics.com\/wp-content\/uploads\/2025\/06\/Karino-KANG-1-190x190.jpg 190w, https:\/\/leviathan-dynamics.com\/wp-content\/uploads\/2025\/06\/Karino-KANG-1.jpg 200w\" sizes=\"(max-width: 80px) 100vw, 80px\" \/>                                                        <div class=\"our-management__card__content\">\n                                                                    <h4>\n                                        Karino Kang                                    <\/h4>\n                                                                                                    <h5>\n                                        COO                                    <\/h5>\n                                                            <\/div>\n                        <\/div>\n                    <\/div>\n                                    <div class=\"col-md-6 col-lg-4 mb-4 mb-lg-0\">\n                        <div class=\"our-management__card\">\n                                                            <img decoding=\"async\" width=\"80\" height=\"80\" src=\"https:\/\/leviathan-dynamics.com\/wp-content\/uploads\/2025\/06\/Alan-CHAUVIN-1-80x80.jpg\" class=\"our-management__card__img\" alt=\"\" srcset=\"https:\/\/leviathan-dynamics.com\/wp-content\/uploads\/2025\/06\/Alan-CHAUVIN-1-80x80.jpg 80w, https:\/\/leviathan-dynamics.com\/wp-content\/uploads\/2025\/06\/Alan-CHAUVIN-1-150x150.jpg 150w, https:\/\/leviathan-dynamics.com\/wp-content\/uploads\/2025\/06\/Alan-CHAUVIN-1-190x190.jpg 190w, https:\/\/leviathan-dynamics.com\/wp-content\/uploads\/2025\/06\/Alan-CHAUVIN-1.jpg 200w\" sizes=\"(max-width: 80px) 100vw, 80px\" \/>                                                        <div class=\"our-management__card__content\">\n                                                                    <h4>\n                                        Alan Chauvin                                    <\/h4>\n                                                                                                    <h5>\n                                        CTO                                    <\/h5>\n                                                            <\/div>\n                        <\/div>\n                    <\/div>\n                            <\/div>\n            <\/div>\n<\/section>\n\n\n<section class=\"block-intro\">\n    <div class=\"container\">\n        <div class=\"row row-60_40 g-4\">\n            <div class=\"col-12 col-lg-7\">\n                <h2 class=\"block-intro__title \">Nous faisons partie d&rsquo;un mouvement citoyen global qui lutte contre le changement climatique.<\/h2>\n                <p><span data-sheets-root=\"1\">Leviathan Dynamics est soutenu par Team for the Planet, un mouvement citoyen qui collecte des fonds pour d\u00e9tecter et d\u00e9ployer 100 innovations mondiales luttant contre les gaz \u00e0 effet de serre.<\/span><\/p>\n            <\/div>\n            <div class=\"col-12 col-lg-5\">\n                                    <img decoding=\"async\" class=\"img-fluid thumbnail\" src=\"https:\/\/leviathan-dynamics.com\/wp-content\/uploads\/2025\/05\/bg-team-for-planet.png\" alt=\"\" width=\"174\" \/>\n                            <\/div>\n        <\/div>\n    <\/div>\n<\/section>\n","protected":false},"excerpt":{"rendered":"","protected":false},"author":1,"featured_media":835,"parent":0,"menu_order":0,"comment_status":"closed","ping_status":"closed","template":"","meta":{"_acf_changed":false,"footnotes":""},"class_list":["post-554","page","type-page","status-publish","has-post-thumbnail","hentry"],"acf":[],"yoast_head":"<!-- This site is optimized with the Yoast SEO plugin v26.1.1 - https:\/\/yoast.com\/wordpress\/plugins\/seo\/ -->\n<title>A propos | Leviathan Dynamics<\/title>\n<meta name=\"robots\" content=\"index, follow, max-snippet:-1, max-image-preview:large, max-video-preview:-1\" \/>\n<link rel=\"canonical\" href=\"https:\/\/leviathan-dynamics.com\/fr\/a-propos\/\" \/>\n<meta property=\"og:locale\" content=\"fr_FR\" \/>\n<meta property=\"og:type\" content=\"article\" \/>\n<meta property=\"og:title\" content=\"A propos | Leviathan Dynamics\" \/>\n<meta property=\"og:url\" content=\"https:\/\/leviathan-dynamics.com\/fr\/a-propos\/\" \/>\n<meta property=\"og:site_name\" content=\"Leviathan Dynamics\" \/>\n<meta property=\"article:modified_time\" content=\"2025-11-13T07:03:22+00:00\" \/>\n<meta property=\"og:image\" content=\"https:\/\/leviathan-dynamics.com\/wp-content\/uploads\/2025\/06\/team-levi.jpg\" \/>\n\t<meta property=\"og:image:width\" content=\"840\" \/>\n\t<meta property=\"og:image:height\" content=\"570\" \/>\n\t<meta property=\"og:image:type\" content=\"image\/jpeg\" \/>\n<meta name=\"twitter:card\" content=\"summary_large_image\" \/>\n<meta name=\"twitter:label1\" content=\"Dur\u00e9e de lecture estim\u00e9e\" \/>\n\t<meta name=\"twitter:data1\" content=\"1 minute\" \/>\n<script type=\"application\/ld+json\" class=\"yoast-schema-graph\">{\"@context\":\"https:\/\/schema.org\",\"@graph\":[{\"@type\":\"WebPage\",\"@id\":\"https:\/\/leviathan-dynamics.com\/fr\/a-propos\/\",\"url\":\"https:\/\/leviathan-dynamics.com\/fr\/a-propos\/\",\"name\":\"A propos | Leviathan Dynamics\",\"isPartOf\":{\"@id\":\"https:\/\/leviathan-dynamics.com\/fr\/#website\"},\"primaryImageOfPage\":{\"@id\":\"https:\/\/leviathan-dynamics.com\/fr\/a-propos\/#primaryimage\"},\"image\":{\"@id\":\"https:\/\/leviathan-dynamics.com\/fr\/a-propos\/#primaryimage\"},\"thumbnailUrl\":\"https:\/\/leviathan-dynamics.com\/wp-content\/uploads\/2025\/06\/team-levi.jpg\",\"datePublished\":\"2025-05-19T06:25:44+00:00\",\"dateModified\":\"2025-11-13T07:03:22+00:00\",\"breadcrumb\":{\"@id\":\"https:\/\/leviathan-dynamics.com\/fr\/a-propos\/#breadcrumb\"},\"inLanguage\":\"fr-FR\",\"potentialAction\":[{\"@type\":\"ReadAction\",\"target\":[\"https:\/\/leviathan-dynamics.com\/fr\/a-propos\/\"]}]},{\"@type\":\"ImageObject\",\"inLanguage\":\"fr-FR\",\"@id\":\"https:\/\/leviathan-dynamics.com\/fr\/a-propos\/#primaryimage\",\"url\":\"https:\/\/leviathan-dynamics.com\/wp-content\/uploads\/2025\/06\/team-levi.jpg\",\"contentUrl\":\"https:\/\/leviathan-dynamics.com\/wp-content\/uploads\/2025\/06\/team-levi.jpg\",\"width\":840,\"height\":570},{\"@type\":\"BreadcrumbList\",\"@id\":\"https:\/\/leviathan-dynamics.com\/fr\/a-propos\/#breadcrumb\",\"itemListElement\":[{\"@type\":\"ListItem\",\"position\":1,\"name\":\"Home\",\"item\":\"https:\/\/leviathan-dynamics.com\/fr\/\"},{\"@type\":\"ListItem\",\"position\":2,\"name\":\"A propos\"}]},{\"@type\":\"WebSite\",\"@id\":\"https:\/\/leviathan-dynamics.com\/fr\/#website\",\"url\":\"https:\/\/leviathan-dynamics.com\/fr\/\",\"name\":\"Leviathan Dynamics\",\"description\":\"Specialist in thermodynamic machineries based on Mechanical Vapor Compression\",\"publisher\":{\"@id\":\"https:\/\/leviathan-dynamics.com\/fr\/#organization\"},\"potentialAction\":[{\"@type\":\"SearchAction\",\"target\":{\"@type\":\"EntryPoint\",\"urlTemplate\":\"https:\/\/leviathan-dynamics.com\/fr\/?s={search_term_string}\"},\"query-input\":{\"@type\":\"PropertyValueSpecification\",\"valueRequired\":true,\"valueName\":\"search_term_string\"}}],\"inLanguage\":\"fr-FR\"},{\"@type\":\"Organization\",\"@id\":\"https:\/\/leviathan-dynamics.com\/fr\/#organization\",\"name\":\"Leviathan Dynamics\",\"url\":\"https:\/\/leviathan-dynamics.com\/fr\/\",\"logo\":{\"@type\":\"ImageObject\",\"inLanguage\":\"fr-FR\",\"@id\":\"https:\/\/leviathan-dynamics.com\/fr\/#\/schema\/logo\/image\/\",\"url\":\"https:\/\/leviathan-dynamics.com\/wp-content\/uploads\/2025\/06\/logo.png\",\"contentUrl\":\"https:\/\/leviathan-dynamics.com\/wp-content\/uploads\/2025\/06\/logo.png\",\"width\":708,\"height\":224,\"caption\":\"Leviathan Dynamics\"},\"image\":{\"@id\":\"https:\/\/leviathan-dynamics.com\/fr\/#\/schema\/logo\/image\/\"},\"sameAs\":[\"https:\/\/www.linkedin.com\/company\/leviathan-dynamics\"]}]}<\/script>\n<!-- \/ Yoast SEO plugin. -->","yoast_head_json":{"title":"A propos | Leviathan Dynamics","robots":{"index":"index","follow":"follow","max-snippet":"max-snippet:-1","max-image-preview":"max-image-preview:large","max-video-preview":"max-video-preview:-1"},"canonical":"https:\/\/leviathan-dynamics.com\/fr\/a-propos\/","og_locale":"fr_FR","og_type":"article","og_title":"A propos | Leviathan Dynamics","og_url":"https:\/\/leviathan-dynamics.com\/fr\/a-propos\/","og_site_name":"Leviathan Dynamics","article_modified_time":"2025-11-13T07:03:22+00:00","og_image":[{"width":840,"height":570,"url":"https:\/\/leviathan-dynamics.com\/wp-content\/uploads\/2025\/06\/team-levi.jpg","type":"image\/jpeg"}],"twitter_card":"summary_large_image","twitter_misc":{"Dur\u00e9e de lecture estim\u00e9e":"1 minute"},"schema":{"@context":"https:\/\/schema.org","@graph":[{"@type":"WebPage","@id":"https:\/\/leviathan-dynamics.com\/fr\/a-propos\/","url":"https:\/\/leviathan-dynamics.com\/fr\/a-propos\/","name":"A propos | Leviathan Dynamics","isPartOf":{"@id":"https:\/\/leviathan-dynamics.com\/fr\/#website"},"primaryImageOfPage":{"@id":"https:\/\/leviathan-dynamics.com\/fr\/a-propos\/#primaryimage"},"image":{"@id":"https:\/\/leviathan-dynamics.com\/fr\/a-propos\/#primaryimage"},"thumbnailUrl":"https:\/\/leviathan-dynamics.com\/wp-content\/uploads\/2025\/06\/team-levi.jpg","datePublished":"2025-05-19T06:25:44+00:00","dateModified":"2025-11-13T07:03:22+00:00","breadcrumb":{"@id":"https:\/\/leviathan-dynamics.com\/fr\/a-propos\/#breadcrumb"},"inLanguage":"fr-FR","potentialAction":[{"@type":"ReadAction","target":["https:\/\/leviathan-dynamics.com\/fr\/a-propos\/"]}]},{"@type":"ImageObject","inLanguage":"fr-FR","@id":"https:\/\/leviathan-dynamics.com\/fr\/a-propos\/#primaryimage","url":"https:\/\/leviathan-dynamics.com\/wp-content\/uploads\/2025\/06\/team-levi.jpg","contentUrl":"https:\/\/leviathan-dynamics.com\/wp-content\/uploads\/2025\/06\/team-levi.jpg","width":840,"height":570},{"@type":"BreadcrumbList","@id":"https:\/\/leviathan-dynamics.com\/fr\/a-propos\/#breadcrumb","itemListElement":[{"@type":"ListItem","position":1,"name":"Home","item":"https:\/\/leviathan-dynamics.com\/fr\/"},{"@type":"ListItem","position":2,"name":"A propos"}]},{"@type":"WebSite","@id":"https:\/\/leviathan-dynamics.com\/fr\/#website","url":"https:\/\/leviathan-dynamics.com\/fr\/","name":"Leviathan Dynamics","description":"Specialist in thermodynamic machineries based on Mechanical Vapor Compression","publisher":{"@id":"https:\/\/leviathan-dynamics.com\/fr\/#organization"},"potentialAction":[{"@type":"SearchAction","target":{"@type":"EntryPoint","urlTemplate":"https:\/\/leviathan-dynamics.com\/fr\/?s={search_term_string}"},"query-input":{"@type":"PropertyValueSpecification","valueRequired":true,"valueName":"search_term_string"}}],"inLanguage":"fr-FR"},{"@type":"Organization","@id":"https:\/\/leviathan-dynamics.com\/fr\/#organization","name":"Leviathan Dynamics","url":"https:\/\/leviathan-dynamics.com\/fr\/","logo":{"@type":"ImageObject","inLanguage":"fr-FR","@id":"https:\/\/leviathan-dynamics.com\/fr\/#\/schema\/logo\/image\/","url":"https:\/\/leviathan-dynamics.com\/wp-content\/uploads\/2025\/06\/logo.png","contentUrl":"https:\/\/leviathan-dynamics.com\/wp-content\/uploads\/2025\/06\/logo.png","width":708,"height":224,"caption":"Leviathan Dynamics"},"image":{"@id":"https:\/\/leviathan-dynamics.com\/fr\/#\/schema\/logo\/image\/"},"sameAs":["https:\/\/www.linkedin.com\/company\/leviathan-dynamics"]}]}},"_links":{"self":[{"href":"https:\/\/leviathan-dynamics.com\/fr\/wp-json\/wp\/v2\/pages\/554","targetHints":{"allow":["GET"]}}],"collection":[{"href":"https:\/\/leviathan-dynamics.com\/fr\/wp-json\/wp\/v2\/pages"}],"about":[{"href":"https:\/\/leviathan-dynamics.com\/fr\/wp-json\/wp\/v2\/types\/page"}],"author":[{"embeddable":true,"href":"https:\/\/leviathan-dynamics.com\/fr\/wp-json\/wp\/v2\/users\/1"}],"replies":[{"embeddable":true,"href":"https:\/\/leviathan-dynamics.com\/fr\/wp-json\/wp\/v2\/comments?post=554"}],"version-history":[{"count":8,"href":"https:\/\/leviathan-dynamics.com\/fr\/wp-json\/wp\/v2\/pages\/554\/revisions"}],"predecessor-version":[{"id":1381,"href":"https:\/\/leviathan-dynamics.com\/fr\/wp-json\/wp\/v2\/pages\/554\/revisions\/1381"}],"wp:featuredmedia":[{"embeddable":true,"href":"https:\/\/leviathan-dynamics.com\/fr\/wp-json\/wp\/v2\/media\/835"}],"wp:attachment":[{"href":"https:\/\/leviathan-dynamics.com\/fr\/wp-json\/wp\/v2\/media?parent=554"}],"curies":[{"name":"wp","href":"https:\/\/api.w.org\/{rel}","templated":true}]}}