{"id":556,"date":"2025-05-19T08:25:58","date_gmt":"2025-05-19T06:25:58","guid":{"rendered":"https:\/\/leviathan-dynamics.com\/contact-us\/"},"modified":"2025-06-03T09:09:00","modified_gmt":"2025-06-03T07:09:00","slug":"contactez-nous","status":"publish","type":"page","link":"https:\/\/leviathan-dynamics.com\/fr\/contactez-nous\/","title":{"rendered":"Contactez nous"},"content":{"rendered":"\n<p>Vous souhaitez en savoir plus sur notre technologie ou \u00e9changer sur vos besoins ?<\/p>\n\n\n\n<p>Nous sommes convaincus que chaque projet commence par une discussion. Que vous soyez en phase d\u2019exploration ou confront\u00e9 \u00e0 un besoin sp\u00e9cifique, nous sommes \u00e0 votre \u00e9coute pour en parler et trouver la solution la plus adapt\u00e9e.<\/p>\n","protected":false},"excerpt":{"rendered":"<p>Vous souhaitez en savoir plus sur notre technologie ou \u00e9changer sur vos besoins ? Nous sommes convaincus que chaque projet commence par une discussion. Que vous soyez en phase d\u2019exploration ou confront\u00e9 \u00e0 un besoin sp\u00e9cifique, nous sommes \u00e0 votre \u00e9coute pour en parler et trouver la solution la plus adapt\u00e9e.<\/p>\n","protected":false},"author":1,"featured_media":0,"parent":0,"menu_order":0,"comment_status":"closed","ping_status":"closed","template":"page-contact-us.php","meta":{"_acf_changed":false,"footnotes":""},"class_list":["post-556","page","type-page","status-publish","hentry"],"acf":[],"yoast_head":"<!-- This site is optimized with the Yoast SEO plugin v26.1.1 - https:\/\/yoast.com\/wordpress\/plugins\/seo\/ -->\n<title>Contactez nous | Leviathan Dynamics<\/title>\n<meta name=\"robots\" content=\"index, follow, max-snippet:-1, max-image-preview:large, max-video-preview:-1\" \/>\n<link rel=\"canonical\" href=\"https:\/\/leviathan-dynamics.com\/fr\/contactez-nous\/\" \/>\n<meta property=\"og:locale\" content=\"fr_FR\" \/>\n<meta property=\"og:type\" content=\"article\" \/>\n<meta property=\"og:title\" content=\"Contactez nous | Leviathan Dynamics\" \/>\n<meta property=\"og:description\" content=\"Vous souhaitez en savoir plus sur notre technologie ou \u00e9changer sur vos besoins ? Nous sommes convaincus que chaque projet commence par une discussion. Que vous soyez en phase d\u2019exploration ou confront\u00e9 \u00e0 un besoin sp\u00e9cifique, nous sommes \u00e0 votre \u00e9coute pour en parler et trouver la solution la plus adapt\u00e9e.\" \/>\n<meta property=\"og:url\" content=\"https:\/\/leviathan-dynamics.com\/fr\/contactez-nous\/\" \/>\n<meta property=\"og:site_name\" content=\"Leviathan Dynamics\" \/>\n<meta property=\"article:modified_time\" content=\"2025-06-03T07:09:00+00:00\" \/>\n<meta name=\"twitter:card\" content=\"summary_large_image\" \/>\n<meta name=\"twitter:label1\" content=\"Dur\u00e9e de lecture estim\u00e9e\" \/>\n\t<meta name=\"twitter:data1\" content=\"1 minute\" \/>\n<script type=\"application\/ld+json\" class=\"yoast-schema-graph\">{\"@context\":\"https:\/\/schema.org\",\"@graph\":[{\"@type\":\"WebPage\",\"@id\":\"https:\/\/leviathan-dynamics.com\/fr\/contactez-nous\/\",\"url\":\"https:\/\/leviathan-dynamics.com\/fr\/contactez-nous\/\",\"name\":\"Contactez nous | Leviathan Dynamics\",\"isPartOf\":{\"@id\":\"https:\/\/leviathan-dynamics.com\/fr\/#website\"},\"datePublished\":\"2025-05-19T06:25:58+00:00\",\"dateModified\":\"2025-06-03T07:09:00+00:00\",\"breadcrumb\":{\"@id\":\"https:\/\/leviathan-dynamics.com\/fr\/contactez-nous\/#breadcrumb\"},\"inLanguage\":\"fr-FR\",\"potentialAction\":[{\"@type\":\"ReadAction\",\"target\":[\"https:\/\/leviathan-dynamics.com\/fr\/contactez-nous\/\"]}]},{\"@type\":\"BreadcrumbList\",\"@id\":\"https:\/\/leviathan-dynamics.com\/fr\/contactez-nous\/#breadcrumb\",\"itemListElement\":[{\"@type\":\"ListItem\",\"position\":1,\"name\":\"Home\",\"item\":\"https:\/\/leviathan-dynamics.com\/fr\/\"},{\"@type\":\"ListItem\",\"position\":2,\"name\":\"Contactez nous\"}]},{\"@type\":\"WebSite\",\"@id\":\"https:\/\/leviathan-dynamics.com\/fr\/#website\",\"url\":\"https:\/\/leviathan-dynamics.com\/fr\/\",\"name\":\"Leviathan Dynamics\",\"description\":\"Specialist in thermodynamic machineries based on Mechanical Vapor Compression\",\"publisher\":{\"@id\":\"https:\/\/leviathan-dynamics.com\/fr\/#organization\"},\"potentialAction\":[{\"@type\":\"SearchAction\",\"target\":{\"@type\":\"EntryPoint\",\"urlTemplate\":\"https:\/\/leviathan-dynamics.com\/fr\/?s={search_term_string}\"},\"query-input\":{\"@type\":\"PropertyValueSpecification\",\"valueRequired\":true,\"valueName\":\"search_term_string\"}}],\"inLanguage\":\"fr-FR\"},{\"@type\":\"Organization\",\"@id\":\"https:\/\/leviathan-dynamics.com\/fr\/#organization\",\"name\":\"Leviathan Dynamics\",\"url\":\"https:\/\/leviathan-dynamics.com\/fr\/\",\"logo\":{\"@type\":\"ImageObject\",\"inLanguage\":\"fr-FR\",\"@id\":\"https:\/\/leviathan-dynamics.com\/fr\/#\/schema\/logo\/image\/\",\"url\":\"https:\/\/leviathan-dynamics.com\/wp-content\/uploads\/2025\/06\/logo.png\",\"contentUrl\":\"https:\/\/leviathan-dynamics.com\/wp-content\/uploads\/2025\/06\/logo.png\",\"width\":708,\"height\":224,\"caption\":\"Leviathan Dynamics\"},\"image\":{\"@id\":\"https:\/\/leviathan-dynamics.com\/fr\/#\/schema\/logo\/image\/\"},\"sameAs\":[\"https:\/\/www.linkedin.com\/company\/leviathan-dynamics\"]}]}<\/script>\n<!-- \/ Yoast SEO plugin. -->","yoast_head_json":{"title":"Contactez nous | Leviathan Dynamics","robots":{"index":"index","follow":"follow","max-snippet":"max-snippet:-1","max-image-preview":"max-image-preview:large","max-video-preview":"max-video-preview:-1"},"canonical":"https:\/\/leviathan-dynamics.com\/fr\/contactez-nous\/","og_locale":"fr_FR","og_type":"article","og_title":"Contactez nous | Leviathan Dynamics","og_description":"Vous souhaitez en savoir plus sur notre technologie ou \u00e9changer sur vos besoins ? Nous sommes convaincus que chaque projet commence par une discussion. Que vous soyez en phase d\u2019exploration ou confront\u00e9 \u00e0 un besoin sp\u00e9cifique, nous sommes \u00e0 votre \u00e9coute pour en parler et trouver la solution la plus adapt\u00e9e.","og_url":"https:\/\/leviathan-dynamics.com\/fr\/contactez-nous\/","og_site_name":"Leviathan Dynamics","article_modified_time":"2025-06-03T07:09:00+00:00","twitter_card":"summary_large_image","twitter_misc":{"Dur\u00e9e de lecture estim\u00e9e":"1 minute"},"schema":{"@context":"https:\/\/schema.org","@graph":[{"@type":"WebPage","@id":"https:\/\/leviathan-dynamics.com\/fr\/contactez-nous\/","url":"https:\/\/leviathan-dynamics.com\/fr\/contactez-nous\/","name":"Contactez nous | Leviathan Dynamics","isPartOf":{"@id":"https:\/\/leviathan-dynamics.com\/fr\/#website"},"datePublished":"2025-05-19T06:25:58+00:00","dateModified":"2025-06-03T07:09:00+00:00","breadcrumb":{"@id":"https:\/\/leviathan-dynamics.com\/fr\/contactez-nous\/#breadcrumb"},"inLanguage":"fr-FR","potentialAction":[{"@type":"ReadAction","target":["https:\/\/leviathan-dynamics.com\/fr\/contactez-nous\/"]}]},{"@type":"BreadcrumbList","@id":"https:\/\/leviathan-dynamics.com\/fr\/contactez-nous\/#breadcrumb","itemListElement":[{"@type":"ListItem","position":1,"name":"Home","item":"https:\/\/leviathan-dynamics.com\/fr\/"},{"@type":"ListItem","position":2,"name":"Contactez nous"}]},{"@type":"WebSite","@id":"https:\/\/leviathan-dynamics.com\/fr\/#website","url":"https:\/\/leviathan-dynamics.com\/fr\/","name":"Leviathan Dynamics","description":"Specialist in thermodynamic machineries based on Mechanical Vapor Compression","publisher":{"@id":"https:\/\/leviathan-dynamics.com\/fr\/#organization"},"potentialAction":[{"@type":"SearchAction","target":{"@type":"EntryPoint","urlTemplate":"https:\/\/leviathan-dynamics.com\/fr\/?s={search_term_string}"},"query-input":{"@type":"PropertyValueSpecification","valueRequired":true,"valueName":"search_term_string"}}],"inLanguage":"fr-FR"},{"@type":"Organization","@id":"https:\/\/leviathan-dynamics.com\/fr\/#organization","name":"Leviathan Dynamics","url":"https:\/\/leviathan-dynamics.com\/fr\/","logo":{"@type":"ImageObject","inLanguage":"fr-FR","@id":"https:\/\/leviathan-dynamics.com\/fr\/#\/schema\/logo\/image\/","url":"https:\/\/leviathan-dynamics.com\/wp-content\/uploads\/2025\/06\/logo.png","contentUrl":"https:\/\/leviathan-dynamics.com\/wp-content\/uploads\/2025\/06\/logo.png","width":708,"height":224,"caption":"Leviathan Dynamics"},"image":{"@id":"https:\/\/leviathan-dynamics.com\/fr\/#\/schema\/logo\/image\/"},"sameAs":["https:\/\/www.linkedin.com\/company\/leviathan-dynamics"]}]}},"_links":{"self":[{"href":"https:\/\/leviathan-dynamics.com\/fr\/wp-json\/wp\/v2\/pages\/556","targetHints":{"allow":["GET"]}}],"collection":[{"href":"https:\/\/leviathan-dynamics.com\/fr\/wp-json\/wp\/v2\/pages"}],"about":[{"href":"https:\/\/leviathan-dynamics.com\/fr\/wp-json\/wp\/v2\/types\/page"}],"author":[{"embeddable":true,"href":"https:\/\/leviathan-dynamics.com\/fr\/wp-json\/wp\/v2\/users\/1"}],"replies":[{"embeddable":true,"href":"https:\/\/leviathan-dynamics.com\/fr\/wp-json\/wp\/v2\/comments?post=556"}],"version-history":[{"count":4,"href":"https:\/\/leviathan-dynamics.com\/fr\/wp-json\/wp\/v2\/pages\/556\/revisions"}],"predecessor-version":[{"id":739,"href":"https:\/\/leviathan-dynamics.com\/fr\/wp-json\/wp\/v2\/pages\/556\/revisions\/739"}],"wp:attachment":[{"href":"https:\/\/leviathan-dynamics.com\/fr\/wp-json\/wp\/v2\/media?parent=556"}],"curies":[{"name":"wp","href":"https:\/\/api.w.org\/{rel}","templated":true}]}}