{"id":558,"date":"2025-05-20T13:24:06","date_gmt":"2025-05-20T11:24:06","guid":{"rendered":"https:\/\/leviathan-dynamics.com\/uses-cases\/"},"modified":"2025-11-13T08:30:33","modified_gmt":"2025-11-13T07:30:33","slug":"cas-dusages","status":"publish","type":"page","link":"https:\/\/leviathan-dynamics.com\/fr\/cas-dusages\/","title":{"rendered":"Cas d&rsquo;usages"},"content":{"rendered":"\n<div class=\"wp-block-group is-layout-constrained wp-block-group-is-layout-constrained\">\n<picture>\n    <source media=\"(min-width: 1024px)\" srcset=\"https:\/\/leviathan-dynamics.com\/wp-content\/uploads\/2025\/11\/bg-use-cases.jpg\">\n    <img decoding=\"async\" src=\"https:\/\/leviathan-dynamics.com\/wp-content\/uploads\/2025\/11\/bg-use-cases-mobile.jpg\" alt=\"Background image\" class=\"page-bg-image\">\n<\/picture>\n\n\n<section class=\"page-banner py__large align wp-block-acf-page-banner\">\n    <div class=\"container\">\n        <div class=\"row gx-lg-0 align-items-lg-end\">\n            <div class=\"page-banner__content col-lg-6 pe-xl-5\">\n                <!-- Title -->\n                                    <h1 class=\"page-banner__title\">Cas d&rsquo;usages<\/h1>\n                                <!-- Description -->\n                                    <div class=\"page-banner__desc\">\n                        <p>D\u00e9couvrez les applications industrielles de nos solutions chez nos clients.<\/p>\n                    <\/div>\n                                <!-- Extra Description -->\n                            <\/div>\n                    <\/div>\n    <\/div>\n<\/section>\n\n\n<section class=\"use-cases pb-5\">\n    <div class=\"container\">\n        <div class=\"row\">\n            \n                                    <div class=\"col-sm-6 col-lg-4 mb-4\">\n                            <div class=\"post-card\">\n        <div class=\"post-card__content\">\n                            <ul class=\"page-meta\">\n                                            <li>\n                            <strong>Groupe Froid<\/strong>\n                        <\/li>\n                                            <li>\n                            <strong>R718<\/strong>\n                        <\/li>\n                                    <\/ul>\n                        <h4 class=\"post-card__content__title\">\n                Maintien \u00e0 temp\u00e9rature d&rsquo;un local process            <\/h4>\n                    <\/div>\n\n        <a class=\"btn btn-outline-primary w-100 mt-auto\" href=\"https:\/\/leviathan-dynamics.com\/fr\/use-case\/maintien-a-temperature-dun-local-process\/\" target=\"_self\">\n            D\u00e9couvrir <span class=\"icon-arrow-right\"><\/span>\n        <\/a>\n    <\/div>\n                    <\/div>\n                                    <div class=\"col-sm-6 col-lg-4 mb-4\">\n                            <div class=\"post-card\">\n        <div class=\"post-card__content\">\n                            <ul class=\"page-meta\">\n                                            <li>\n                            <strong>Evapo-concentration<\/strong>\n                        <\/li>\n                                            <li>\n                            <strong>A\u00e9ronautique<\/strong>\n                        <\/li>\n                                    <\/ul>\n                        <h4 class=\"post-card__content__title\">\n                Fluides de coupe et liquides p\u00e9n\u00e9trants            <\/h4>\n                    <\/div>\n\n        <a class=\"btn btn-outline-primary w-100 mt-auto\" href=\"https:\/\/leviathan-dynamics.com\/fr\/use-case\/fluides-de-coupe-et-liquides-penetrants\/\" target=\"_self\">\n            D\u00e9couvrir <span class=\"icon-arrow-right\"><\/span>\n        <\/a>\n    <\/div>\n                    <\/div>\n                                    <div class=\"col-sm-6 col-lg-4 mb-4\">\n                            <div class=\"post-card\">\n        <div class=\"post-card__content\">\n                            <ul class=\"page-meta\">\n                                            <li>\n                            <strong>Evapo-concentration<\/strong>\n                        <\/li>\n                                            <li>\n                            <strong>Chimie<\/strong>\n                        <\/li>\n                                    <\/ul>\n                        <h4 class=\"post-card__content__title\">\n                Peintures, agents chimiques et rev\u00eatements            <\/h4>\n                    <\/div>\n\n        <a class=\"btn btn-outline-primary w-100 mt-auto\" href=\"https:\/\/leviathan-dynamics.com\/fr\/use-case\/peintures-agents-chimiques-et-revetements\/\" target=\"_self\">\n            D\u00e9couvrir <span class=\"icon-arrow-right\"><\/span>\n        <\/a>\n    <\/div>\n                    <\/div>\n                \n                \n                    <\/div>\n    <\/div>\n<\/section>\n\n<\/div>\n\n\n\n<div class=\"block-discover py__large bg-radial-gradient\">\n    <div class=\"container\">\n        <div class=\"section-header\">\n                                        <h3 style=\"color: #062954\">\n                    Nos solutions                <\/h3>\n                    <\/div>\n\n                    <div class=\"section-content\">\n                <div class=\"row row-cols-1 row-cols-lg-2 g-4\">\n                                            \n                        <div class=\"col\">\n                            <div class=\"card card-discover bg-blur\">\n                                <div class=\"card-body\">\n                                    <div class=\"row h-100\">\n                                                                                    <div class=\"col-lg-5 d-lg-grid\">\n                                                <img decoding=\"async\" width=\"113\" height=\"190\" src=\"https:\/\/leviathan-dynamics.com\/wp-content\/uploads\/2025\/05\/turbevapwaste-water-treatment-system-thumb-113x190.png\" class=\"card-thumb wp-post-image\" alt=\"\" srcset=\"https:\/\/leviathan-dynamics.com\/wp-content\/uploads\/2025\/05\/turbevapwaste-water-treatment-system-thumb-113x190.png 113w, https:\/\/leviathan-dynamics.com\/wp-content\/uploads\/2025\/05\/turbevapwaste-water-treatment-system-thumb-178x300.png 178w, https:\/\/leviathan-dynamics.com\/wp-content\/uploads\/2025\/05\/turbevapwaste-water-treatment-system-thumb-607x1024.png 607w, https:\/\/leviathan-dynamics.com\/wp-content\/uploads\/2025\/05\/turbevapwaste-water-treatment-system-thumb-308x520.png 308w, https:\/\/leviathan-dynamics.com\/wp-content\/uploads\/2025\/05\/turbevapwaste-water-treatment-system-thumb-47x80.png 47w, https:\/\/leviathan-dynamics.com\/wp-content\/uploads\/2025\/05\/turbevapwaste-water-treatment-system-thumb.png 627w\" sizes=\"(max-width: 113px) 100vw, 113px\" \/>                                            <\/div>\n                                        \n                                        <div class=\"col-lg-7\">\n                                            <div class=\"d-flex flex-column h-100\">\n                                                                                                    <ul class=\"page-meta\">\n                                                                                                                    <li><strong>Traitement des eaux us\u00e9es industrielles<\/strong><\/li>\n                                                                                                                    <li><strong>Concentration<\/strong><\/li>\n                                                                                                                    <li><strong>R\u00e9g\u00e9n\u00e9ration de solvants<\/strong><\/li>\n                                                                                                            <\/ul>\n                                                \n                                                <h4 class=\"card-title\">\u00c9vapo-concentrateur basse temp\u00e9rature<\/h4>\n\n                                                                                                    <p class=\"card-desc\">L&rsquo;externalisation du traitement de vos eaux us\u00e9es est co\u00fbteuse, consomme beaucoup d&rsquo;eau et g\u00e9n\u00e8re d&rsquo;importantes \u00e9missions de CO\u2082.<\/p>\n                                                \n                                                                                                    <div class=\"pt-1 mt-auto\">\n                                                        <a class=\"btn btn-outline-primary btn-sm\" href=\"https:\/\/leviathan-dynamics.com\/fr\/solutions\/systeme-de-traitement-des-eaux-usees-industrielles\/\">\n                                                            D\u00e9couvrir <span class=\"icon-arrow-right\"><\/span>\n                                                        <\/a>\n                                                    <\/div>\n                                                                                            <\/div>\n                                        <\/div>\n                                    <\/div>\n                                <\/div>\n                            <\/div>\n                        <\/div>\n                                            \n                        <div class=\"col\">\n                            <div class=\"card card-discover bg-blur\">\n                                <div class=\"card-body\">\n                                    <div class=\"row h-100\">\n                                                                                    <div class=\"col-lg-5 d-lg-grid\">\n                                                <img decoding=\"async\" width=\"149\" height=\"190\" src=\"https:\/\/leviathan-dynamics.com\/wp-content\/uploads\/2025\/05\/heating-cooling-thumb-149x190.png\" class=\"card-thumb wp-post-image\" alt=\"\" srcset=\"https:\/\/leviathan-dynamics.com\/wp-content\/uploads\/2025\/05\/heating-cooling-thumb-149x190.png 149w, https:\/\/leviathan-dynamics.com\/wp-content\/uploads\/2025\/05\/heating-cooling-thumb-235x300.png 235w, https:\/\/leviathan-dynamics.com\/wp-content\/uploads\/2025\/05\/heating-cooling-thumb-768x979.png 768w, https:\/\/leviathan-dynamics.com\/wp-content\/uploads\/2025\/05\/heating-cooling-thumb-804x1024.png 804w, https:\/\/leviathan-dynamics.com\/wp-content\/uploads\/2025\/05\/heating-cooling-thumb-1205x1536.png 1205w, https:\/\/leviathan-dynamics.com\/wp-content\/uploads\/2025\/05\/heating-cooling-thumb-408x520.png 408w, https:\/\/leviathan-dynamics.com\/wp-content\/uploads\/2025\/05\/heating-cooling-thumb-63x80.png 63w, https:\/\/leviathan-dynamics.com\/wp-content\/uploads\/2025\/05\/heating-cooling-thumb.png 1243w\" sizes=\"(max-width: 149px) 100vw, 149px\" \/>                                            <\/div>\n                                        \n                                        <div class=\"col-lg-7\">\n                                            <div class=\"d-flex flex-column h-100\">\n                                                                                                    <ul class=\"page-meta\">\n                                                                                                                    <li><strong>Groupe froid<\/strong><\/li>\n                                                                                                                    <li><strong>CVC<\/strong><\/li>\n                                                                                                                    <li><strong>Pompe \u00e0 chaleur<\/strong><\/li>\n                                                                                                            <\/ul>\n                                                \n                                                <h4 class=\"card-title\">Solutions de chauffage et de refroidissement<\/h4>\n\n                                                                                                    <p class=\"card-desc\">La r\u00e9volution du chauffage et du refroidissement, en utilisant l&rsquo;eau comme r\u00e9frig\u00e9rant<\/p>\n                                                \n                                                                                                    <div class=\"pt-1 mt-auto\">\n                                                        <a class=\"btn btn-outline-primary btn-sm\" href=\"https:\/\/leviathan-dynamics.com\/fr\/solutions\/solutions-de-chauffage-et-de-refroidissement\/\">\n                                                            D\u00e9couvrir <span class=\"icon-arrow-right\"><\/span>\n                                                        <\/a>\n                                                    <\/div>\n                                                                                            <\/div>\n                                        <\/div>\n                                    <\/div>\n                                <\/div>\n                            <\/div>\n                        <\/div>\n                                    <\/div>\n            <\/div>\n            <\/div>\n<\/div>\n","protected":false},"excerpt":{"rendered":"","protected":false},"author":1,"featured_media":0,"parent":0,"menu_order":0,"comment_status":"closed","ping_status":"closed","template":"","meta":{"_acf_changed":false,"footnotes":""},"class_list":["post-558","page","type-page","status-publish","hentry"],"acf":[],"yoast_head":"<!-- This site is optimized with the Yoast SEO plugin v26.1.1 - https:\/\/yoast.com\/wordpress\/plugins\/seo\/ -->\n<title>Cas d&#039;usages | Leviathan Dynamics<\/title>\n<meta name=\"robots\" content=\"index, follow, max-snippet:-1, max-image-preview:large, max-video-preview:-1\" \/>\n<link rel=\"canonical\" href=\"https:\/\/leviathan-dynamics.com\/fr\/cas-dusages\/\" \/>\n<meta property=\"og:locale\" content=\"fr_FR\" \/>\n<meta property=\"og:type\" content=\"article\" \/>\n<meta property=\"og:title\" content=\"Cas d&#039;usages | Leviathan Dynamics\" \/>\n<meta property=\"og:url\" content=\"https:\/\/leviathan-dynamics.com\/fr\/cas-dusages\/\" \/>\n<meta property=\"og:site_name\" content=\"Leviathan Dynamics\" \/>\n<meta property=\"article:modified_time\" content=\"2025-11-13T07:30:33+00:00\" \/>\n<meta name=\"twitter:card\" content=\"summary_large_image\" \/>\n<script type=\"application\/ld+json\" class=\"yoast-schema-graph\">{\"@context\":\"https:\/\/schema.org\",\"@graph\":[{\"@type\":\"WebPage\",\"@id\":\"https:\/\/leviathan-dynamics.com\/fr\/cas-dusages\/\",\"url\":\"https:\/\/leviathan-dynamics.com\/fr\/cas-dusages\/\",\"name\":\"Cas d'usages | Leviathan Dynamics\",\"isPartOf\":{\"@id\":\"https:\/\/leviathan-dynamics.com\/fr\/#website\"},\"datePublished\":\"2025-05-20T11:24:06+00:00\",\"dateModified\":\"2025-11-13T07:30:33+00:00\",\"breadcrumb\":{\"@id\":\"https:\/\/leviathan-dynamics.com\/fr\/cas-dusages\/#breadcrumb\"},\"inLanguage\":\"fr-FR\",\"potentialAction\":[{\"@type\":\"ReadAction\",\"target\":[\"https:\/\/leviathan-dynamics.com\/fr\/cas-dusages\/\"]}]},{\"@type\":\"BreadcrumbList\",\"@id\":\"https:\/\/leviathan-dynamics.com\/fr\/cas-dusages\/#breadcrumb\",\"itemListElement\":[{\"@type\":\"ListItem\",\"position\":1,\"name\":\"Home\",\"item\":\"https:\/\/leviathan-dynamics.com\/fr\/\"},{\"@type\":\"ListItem\",\"position\":2,\"name\":\"Cas d&#8217;usages\"}]},{\"@type\":\"WebSite\",\"@id\":\"https:\/\/leviathan-dynamics.com\/fr\/#website\",\"url\":\"https:\/\/leviathan-dynamics.com\/fr\/\",\"name\":\"Leviathan Dynamics\",\"description\":\"Specialist in thermodynamic machineries based on Mechanical Vapor Compression\",\"publisher\":{\"@id\":\"https:\/\/leviathan-dynamics.com\/fr\/#organization\"},\"potentialAction\":[{\"@type\":\"SearchAction\",\"target\":{\"@type\":\"EntryPoint\",\"urlTemplate\":\"https:\/\/leviathan-dynamics.com\/fr\/?s={search_term_string}\"},\"query-input\":{\"@type\":\"PropertyValueSpecification\",\"valueRequired\":true,\"valueName\":\"search_term_string\"}}],\"inLanguage\":\"fr-FR\"},{\"@type\":\"Organization\",\"@id\":\"https:\/\/leviathan-dynamics.com\/fr\/#organization\",\"name\":\"Leviathan Dynamics\",\"url\":\"https:\/\/leviathan-dynamics.com\/fr\/\",\"logo\":{\"@type\":\"ImageObject\",\"inLanguage\":\"fr-FR\",\"@id\":\"https:\/\/leviathan-dynamics.com\/fr\/#\/schema\/logo\/image\/\",\"url\":\"https:\/\/leviathan-dynamics.com\/wp-content\/uploads\/2025\/06\/logo.png\",\"contentUrl\":\"https:\/\/leviathan-dynamics.com\/wp-content\/uploads\/2025\/06\/logo.png\",\"width\":708,\"height\":224,\"caption\":\"Leviathan Dynamics\"},\"image\":{\"@id\":\"https:\/\/leviathan-dynamics.com\/fr\/#\/schema\/logo\/image\/\"},\"sameAs\":[\"https:\/\/www.linkedin.com\/company\/leviathan-dynamics\"]}]}<\/script>\n<!-- \/ Yoast SEO plugin. -->","yoast_head_json":{"title":"Cas d'usages | Leviathan Dynamics","robots":{"index":"index","follow":"follow","max-snippet":"max-snippet:-1","max-image-preview":"max-image-preview:large","max-video-preview":"max-video-preview:-1"},"canonical":"https:\/\/leviathan-dynamics.com\/fr\/cas-dusages\/","og_locale":"fr_FR","og_type":"article","og_title":"Cas d'usages | Leviathan Dynamics","og_url":"https:\/\/leviathan-dynamics.com\/fr\/cas-dusages\/","og_site_name":"Leviathan Dynamics","article_modified_time":"2025-11-13T07:30:33+00:00","twitter_card":"summary_large_image","schema":{"@context":"https:\/\/schema.org","@graph":[{"@type":"WebPage","@id":"https:\/\/leviathan-dynamics.com\/fr\/cas-dusages\/","url":"https:\/\/leviathan-dynamics.com\/fr\/cas-dusages\/","name":"Cas d'usages | Leviathan Dynamics","isPartOf":{"@id":"https:\/\/leviathan-dynamics.com\/fr\/#website"},"datePublished":"2025-05-20T11:24:06+00:00","dateModified":"2025-11-13T07:30:33+00:00","breadcrumb":{"@id":"https:\/\/leviathan-dynamics.com\/fr\/cas-dusages\/#breadcrumb"},"inLanguage":"fr-FR","potentialAction":[{"@type":"ReadAction","target":["https:\/\/leviathan-dynamics.com\/fr\/cas-dusages\/"]}]},{"@type":"BreadcrumbList","@id":"https:\/\/leviathan-dynamics.com\/fr\/cas-dusages\/#breadcrumb","itemListElement":[{"@type":"ListItem","position":1,"name":"Home","item":"https:\/\/leviathan-dynamics.com\/fr\/"},{"@type":"ListItem","position":2,"name":"Cas d&#8217;usages"}]},{"@type":"WebSite","@id":"https:\/\/leviathan-dynamics.com\/fr\/#website","url":"https:\/\/leviathan-dynamics.com\/fr\/","name":"Leviathan Dynamics","description":"Specialist in thermodynamic machineries based on Mechanical Vapor Compression","publisher":{"@id":"https:\/\/leviathan-dynamics.com\/fr\/#organization"},"potentialAction":[{"@type":"SearchAction","target":{"@type":"EntryPoint","urlTemplate":"https:\/\/leviathan-dynamics.com\/fr\/?s={search_term_string}"},"query-input":{"@type":"PropertyValueSpecification","valueRequired":true,"valueName":"search_term_string"}}],"inLanguage":"fr-FR"},{"@type":"Organization","@id":"https:\/\/leviathan-dynamics.com\/fr\/#organization","name":"Leviathan Dynamics","url":"https:\/\/leviathan-dynamics.com\/fr\/","logo":{"@type":"ImageObject","inLanguage":"fr-FR","@id":"https:\/\/leviathan-dynamics.com\/fr\/#\/schema\/logo\/image\/","url":"https:\/\/leviathan-dynamics.com\/wp-content\/uploads\/2025\/06\/logo.png","contentUrl":"https:\/\/leviathan-dynamics.com\/wp-content\/uploads\/2025\/06\/logo.png","width":708,"height":224,"caption":"Leviathan Dynamics"},"image":{"@id":"https:\/\/leviathan-dynamics.com\/fr\/#\/schema\/logo\/image\/"},"sameAs":["https:\/\/www.linkedin.com\/company\/leviathan-dynamics"]}]}},"_links":{"self":[{"href":"https:\/\/leviathan-dynamics.com\/fr\/wp-json\/wp\/v2\/pages\/558","targetHints":{"allow":["GET"]}}],"collection":[{"href":"https:\/\/leviathan-dynamics.com\/fr\/wp-json\/wp\/v2\/pages"}],"about":[{"href":"https:\/\/leviathan-dynamics.com\/fr\/wp-json\/wp\/v2\/types\/page"}],"author":[{"embeddable":true,"href":"https:\/\/leviathan-dynamics.com\/fr\/wp-json\/wp\/v2\/users\/1"}],"replies":[{"embeddable":true,"href":"https:\/\/leviathan-dynamics.com\/fr\/wp-json\/wp\/v2\/comments?post=558"}],"version-history":[{"count":2,"href":"https:\/\/leviathan-dynamics.com\/fr\/wp-json\/wp\/v2\/pages\/558\/revisions"}],"predecessor-version":[{"id":1419,"href":"https:\/\/leviathan-dynamics.com\/fr\/wp-json\/wp\/v2\/pages\/558\/revisions\/1419"}],"wp:attachment":[{"href":"https:\/\/leviathan-dynamics.com\/fr\/wp-json\/wp\/v2\/media?parent=558"}],"curies":[{"name":"wp","href":"https:\/\/api.w.org\/{rel}","templated":true}]}}