{"id":562,"date":"2025-05-20T13:22:11","date_gmt":"2025-05-20T11:22:11","guid":{"rendered":"https:\/\/leviathan-dynamics.com\/the-impact-of-f-gases\/"},"modified":"2025-11-13T08:18:12","modified_gmt":"2025-11-13T07:18:12","slug":"limpact-des-gaz-fluores-f-gaz-sur-lenvironnement","status":"publish","type":"page","link":"https:\/\/leviathan-dynamics.com\/fr\/limpact-des-gaz-fluores-f-gaz-sur-lenvironnement\/","title":{"rendered":"L\u2019impact des gaz fluor\u00e9s (F-gaz) sur l\u2019environnement"},"content":{"rendered":"\n<picture>\n    <source media=\"(min-width: 1024px)\" srcset=\"https:\/\/leviathan-dynamics.com\/wp-content\/uploads\/2025\/11\/bg-f-gases.jpg\">\n    <img decoding=\"async\" src=\"https:\/\/leviathan-dynamics.com\/wp-content\/uploads\/2025\/11\/bg-f-gases-mobile-scaled.jpg\" alt=\"Background image\" class=\"page-bg-image\">\n<\/picture>\n\n\n<section class=\"page-banner py__large align page-banner__impact wp-block-acf-page-banner\">\n    <div class=\"container\">\n        <div class=\"row gx-lg-0 align-items-lg-end\">\n            <div class=\"page-banner__content col-lg-6 pe-xl-5\">\n                <!-- Title -->\n                                    <h1 class=\"page-banner__title\">L\u2019impact des gaz fluor\u00e9s (F-gaz) sur l\u2019environnement<\/h1>\n                                <!-- Description -->\n                                    <div class=\"page-banner__desc\">\n                        <p>L\u2019impact des gaz fluor\u00e9s (F-gaz) sur l\u2019environnement<\/p>\n                    <\/div>\n                                <!-- Extra Description -->\n                                    <div class=\"page-banner__extra_desc\">\n                        <p>D\u00e9couvrez les d\u00e9fis que le secteur du chauffage et du refroidissement doit relever pour prot\u00e9ger l\u2019environnement et le climat.<\/p>\n                    <\/div>\n                            <\/div>\n                    <\/div>\n    <\/div>\n<\/section>\n\n\n<section class=\"f-gas\">\n            <div class=\"container\">\n            <div class=\"row\">\n                <div class=\"col-sm-9 position-relative\">\n                    <div class=\"row gap-3 gap-sm-0\">\n                                                                            <div class=\"col-12 col-sm-4 f-gas__environment-wrapper\">\n                                <div class=\"f-gas__environment\">\n                                    <!-- Timeline -->\n                                                                                                                        <div>\n                                                                                                    <h4>1977<\/h4>\n                                                                                                <h5>Plan d\u2019action mondial pour la protection de la couche d\u2019ozone<\/h5>                                            <\/div>\n                                                                            \n                                    <!-- Types -->\n                                                                            <div class=\"f-gas__environment-types\">\n                                                                                            <div class=\"f-gas__environment-types-box\">\n                                                                                                            <h4>CFC<\/h4>\n                                                                                                        <!-- List Types-->\n                                                                                                            <ul class=\"list-unstyled f-gas__environment-types-list\">\n                                                                                                                            <li>\n                                                                    <span class=\"icon-color__red icon-circle-uncheck\"><\/span>                                                                    PAO                                                                <\/li>\n                                                                                                                            <li>\n                                                                    <span class=\"icon-color__red icon-circle-uncheck\"><\/span>                                                                    PRG 4000                                                                <\/li>\n                                                                                                                    <\/ul>\n                                                                                                    <\/div>\n                                                                                    <\/div>\n                                    \n                                    <!-- Description -->\n                                    <p><span data-sheets-root=\"1\">En 1977, un plan d\u2019action mondial pour la couche d\u2019ozone a \u00e9t\u00e9 adopt\u00e9. Il a permis de mettre en place un suivi rigoureux de son \u00e9tat ainsi qu\u2019une \u00e9valuation scientifique de son appauvrissement. Les effets de cette d\u00e9gradation sur la sant\u00e9 humaine et les \u00e9cosyst\u00e8mes ont alors commenc\u00e9 \u00e0 \u00eatre surveill\u00e9s.<\/span><\/p>\n<p><span data-sheets-root=\"1\">La fabrication des chlorofluorocarbures (CFC) et hydrochlorofluorocarbures (HCFC) \u2014 des gaz largement utilis\u00e9s \u00e0 l\u2019\u00e9poque comme r\u00e9frig\u00e9rants et agents propulseurs \u2014 a \u00e9t\u00e9 progressivement r\u00e9duite.<\/span><\/p>\n                                <\/div>\n                            <\/div>\n                                                    <div class=\"col-12 col-sm-4 f-gas__environment-wrapper\">\n                                <div class=\"f-gas__environment\">\n                                    <!-- Timeline -->\n                                                                                                                        <div>\n                                                                                                    <h4>1989<\/h4>\n                                                                                                <h5>Protocole de Montr\u00e9al<\/h5>                                            <\/div>\n                                                                            \n                                    <!-- Types -->\n                                                                            <div class=\"f-gas__environment-types\">\n                                                                                            <div class=\"f-gas__environment-types-box\">\n                                                                                                            <h4>HCFC<\/h4>\n                                                                                                        <!-- List Types-->\n                                                                                                            <ul class=\"list-unstyled f-gas__environment-types-list\">\n                                                                                                                            <li>\n                                                                    <span class=\"icon-color__red icon-circle-uncheck\"><\/span>                                                                    PAO 0,05                                                                <\/li>\n                                                                                                                            <li>\n                                                                    <span class=\"icon-color__red icon-circle-uncheck\"><\/span>                                                                    PRG 1500                                                                <\/li>\n                                                                                                                    <\/ul>\n                                                                                                    <\/div>\n                                                                                            <div class=\"f-gas__environment-types-box\">\n                                                                                                            <h4>HFC<\/h4>\n                                                                                                        <!-- List Types-->\n                                                                                                            <ul class=\"list-unstyled f-gas__environment-types-list\">\n                                                                                                                            <li>\n                                                                    <span class=\"icon-color__blue icon-circle-check\"><\/span>                                                                    PAO 0,0                                                                <\/li>\n                                                                                                                            <li>\n                                                                    <span class=\"icon-color__red icon-circle-uncheck\"><\/span>                                                                    PRG 600 &#8211; 2000                                                                <\/li>\n                                                                                                                    <\/ul>\n                                                                                                    <\/div>\n                                                                                    <\/div>\n                                    \n                                    <!-- Description -->\n                                    <p><span data-sheets-root=\"1\">L\u2019usage des CFC et des HCFC a \u00e9t\u00e9 interdit par le Protocole de Montr\u00e9al. Ils ont \u00e9t\u00e9 remplac\u00e9s par les hydrofluorocarbures (HFC) comme gaz r\u00e9frig\u00e9rants et propulseurs.<\/span><\/p>\n<p>Bien que les HFC n\u2019endommagent pas la couche d\u2019ozone, ils sont de puissants gaz \u00e0 effet de serre et contribuent donc au r\u00e9chauffement climatique.<\/p>\n<p>En 2016, l\u2019Amendement de Kigali au Protocole de Montr\u00e9al a instaur\u00e9 une r\u00e9duction progressive des HFC \u00e0 l\u2019\u00e9chelle mondiale.<\/p>\n                                <\/div>\n                            <\/div>\n                                                    <div class=\"col-12 col-sm-4 f-gas__environment-wrapper\">\n                                <div class=\"f-gas__environment\">\n                                    <!-- Timeline -->\n                                                                                                                        <div>\n                                                                                                    <h4>1997<\/h4>\n                                                                                                <h5>Protocole de Kyoto<\/h5>                                            <\/div>\n                                                                                    <div>\n                                                                                                    <h4>2006 , 2014<\/h4>\n                                                                                                <h5>R\u00e8glementation europ\u00e9enne sur les F-gaz<\/h5>                                            <\/div>\n                                                                            \n                                    <!-- Types -->\n                                                                            <div class=\"f-gas__environment-types\">\n                                                                                            <div class=\"f-gas__environment-types-box\">\n                                                                                                            <h4>HF0<\/h4>\n                                                                                                        <!-- List Types-->\n                                                                                                            <ul class=\"list-unstyled f-gas__environment-types-list\">\n                                                                                                                            <li>\n                                                                    <span class=\"icon-color__blue icon-circle-check\"><\/span>                                                                    PAO 0,0                                                                <\/li>\n                                                                                                                            <li>\n                                                                    <span class=\"icon-color__blue icon-circle-check\"><\/span>                                                                    PRG <10                                                                <\/li>\n                                                                                                                    <\/ul>\n                                                                                                    <\/div>\n                                                                                    <\/div>\n                                    \n                                    <!-- Description -->\n                                    <p><span data-sheets-root=\"1\">Le r\u00e8glement europ\u00e9en sur les gaz fluor\u00e9s (F-gaz) vise \u00e0 r\u00e9duire l\u2019utilisation de ces gaz des deux tiers par rapport aux niveaux de 2014 d\u2019ici 2030.<\/span><\/p>\n<p>Face \u00e0 cette r\u00e9glementation, de nouveaux gaz comme les hydrofluorol\u00e9fines (HFO) ont \u00e9t\u00e9 promus comme des alternatives \u00e0 faible potentiel de r\u00e9chauffement global.<\/p>\n<p><span data-sheets-root=\"1\">Cependant, les HFO ont \u00e9t\u00e9 mis en cause dans la pollution de l\u2019eau potable et des eaux de pluie, soulevant de nouvelles pr\u00e9occupations environnementales.<\/span><\/p>\n                                <\/div>\n                            <\/div>\n                                            <\/div>\n\n                    <!-- Button -->\n                    <div class=\"f-gas__environment-button f-gas__environment-compliance\">\n                        Conformit\u00e9 r\u00e9glementaire                    <\/div>\n                <\/div>\n                <!-- 4th environment card -->\n                <div class=\"col-sm-3 f-gas__single-environment\">\n                    <div class=\"row\">\n                        <div class=\"col-12 col-sm-12 f-gas__environment-wrapper-last\">\n                            <div class=\"f-gas__environment\">\n                                <!-- Timeline -->\n                                                                                                                                                        <div>\n                                                                                                                                                    <h5>De nouvelles alternatives aux gaz fluor\u00e9s<\/h5>\n                                                                                            <\/div>\n                                                                                                                <!-- Types -->\n                                                                            <div class=\"f-gas__environment-types\">\n                                                                                            <div class=\"f-gas__environment-types-box\">\n                                                                                                            <h4>H20<\/h4>\n                                                                                                        <!-- List Types-->\n                                                                                                            <ul class=\"list-unstyled f-gas__environment-types-list\">\n                                                                                                                            <li>\n                                                                    <span class=\"icon-color__blue icon-circle-check\"><\/span>                                                                    PAO 0                                                                <\/li>\n                                                                                                                            <li>\n                                                                    <span class=\"icon-color__blue icon-circle-check\"><\/span>                                                                    PRG 0                                                                <\/li>\n                                                                                                                    <\/ul>\n                                                                                                    <\/div>\n                                                                                    <\/div>\n                                    \n                                    <!-- Description -->\n                                    <p><span data-sheets-root=\"1\">De nouvelles solutions \u00e9mergent aujourd\u2019hui, avec une tendance croissante vers les r\u00e9frig\u00e9rants naturels.<\/span><\/p>\n<p>Chez Leviathan Dynamics, nous avons d\u00e9velopp\u00e9 des solutions de chauffage et de refroidissement utilisant uniquement de l\u2019eau comme fluide frigorig\u00e8ne.<\/p>\n<p>Nos syst\u00e8mes vont donc au-del\u00e0 de la conformit\u00e9 r\u00e9glementaire : ils permettent une r\u00e9duction radicale de l\u2019impact environnemental.<\/p>\n                                                            <\/div>\n                        <\/div>\n                    <\/div>\n\n                    <!-- Button -->\n                    <div class=\"f-gas__environment-button f-gas__environment-tech\">\n                        Tech for good                    <\/div>\n                <\/div>\n            <\/div>\n        <\/div>\n    <\/section>","protected":false},"excerpt":{"rendered":"","protected":false},"author":1,"featured_media":0,"parent":0,"menu_order":0,"comment_status":"closed","ping_status":"closed","template":"","meta":{"_acf_changed":false,"footnotes":""},"class_list":["post-562","page","type-page","status-publish","hentry"],"acf":[],"yoast_head":"<!-- This site is optimized with the Yoast SEO plugin v26.1.1 - https:\/\/yoast.com\/wordpress\/plugins\/seo\/ -->\n<title>L\u2019impact des gaz fluor\u00e9s (F-gaz) sur l\u2019environnement | Leviathan Dynamics<\/title>\n<meta name=\"robots\" content=\"index, follow, max-snippet:-1, max-image-preview:large, max-video-preview:-1\" \/>\n<link rel=\"canonical\" href=\"https:\/\/leviathan-dynamics.com\/fr\/limpact-des-gaz-fluores-f-gaz-sur-lenvironnement\/\" \/>\n<meta property=\"og:locale\" content=\"fr_FR\" \/>\n<meta property=\"og:type\" content=\"article\" \/>\n<meta property=\"og:title\" content=\"L\u2019impact des gaz fluor\u00e9s (F-gaz) sur l\u2019environnement | Leviathan Dynamics\" \/>\n<meta property=\"og:url\" content=\"https:\/\/leviathan-dynamics.com\/fr\/limpact-des-gaz-fluores-f-gaz-sur-lenvironnement\/\" \/>\n<meta property=\"og:site_name\" content=\"Leviathan Dynamics\" \/>\n<meta property=\"article:modified_time\" content=\"2025-11-13T07:18:12+00:00\" \/>\n<meta name=\"twitter:card\" content=\"summary_large_image\" \/>\n<script type=\"application\/ld+json\" class=\"yoast-schema-graph\">{\"@context\":\"https:\/\/schema.org\",\"@graph\":[{\"@type\":\"WebPage\",\"@id\":\"https:\/\/leviathan-dynamics.com\/fr\/limpact-des-gaz-fluores-f-gaz-sur-lenvironnement\/\",\"url\":\"https:\/\/leviathan-dynamics.com\/fr\/limpact-des-gaz-fluores-f-gaz-sur-lenvironnement\/\",\"name\":\"L\u2019impact des gaz fluor\u00e9s (F-gaz) sur l\u2019environnement | Leviathan Dynamics\",\"isPartOf\":{\"@id\":\"https:\/\/leviathan-dynamics.com\/fr\/#website\"},\"datePublished\":\"2025-05-20T11:22:11+00:00\",\"dateModified\":\"2025-11-13T07:18:12+00:00\",\"breadcrumb\":{\"@id\":\"https:\/\/leviathan-dynamics.com\/fr\/limpact-des-gaz-fluores-f-gaz-sur-lenvironnement\/#breadcrumb\"},\"inLanguage\":\"fr-FR\",\"potentialAction\":[{\"@type\":\"ReadAction\",\"target\":[\"https:\/\/leviathan-dynamics.com\/fr\/limpact-des-gaz-fluores-f-gaz-sur-lenvironnement\/\"]}]},{\"@type\":\"BreadcrumbList\",\"@id\":\"https:\/\/leviathan-dynamics.com\/fr\/limpact-des-gaz-fluores-f-gaz-sur-lenvironnement\/#breadcrumb\",\"itemListElement\":[{\"@type\":\"ListItem\",\"position\":1,\"name\":\"Home\",\"item\":\"https:\/\/leviathan-dynamics.com\/fr\/\"},{\"@type\":\"ListItem\",\"position\":2,\"name\":\"L\u2019impact des gaz fluor\u00e9s (F-gaz) sur l\u2019environnement\"}]},{\"@type\":\"WebSite\",\"@id\":\"https:\/\/leviathan-dynamics.com\/fr\/#website\",\"url\":\"https:\/\/leviathan-dynamics.com\/fr\/\",\"name\":\"Leviathan Dynamics\",\"description\":\"Specialist in thermodynamic machineries based on Mechanical Vapor Compression\",\"publisher\":{\"@id\":\"https:\/\/leviathan-dynamics.com\/fr\/#organization\"},\"potentialAction\":[{\"@type\":\"SearchAction\",\"target\":{\"@type\":\"EntryPoint\",\"urlTemplate\":\"https:\/\/leviathan-dynamics.com\/fr\/?s={search_term_string}\"},\"query-input\":{\"@type\":\"PropertyValueSpecification\",\"valueRequired\":true,\"valueName\":\"search_term_string\"}}],\"inLanguage\":\"fr-FR\"},{\"@type\":\"Organization\",\"@id\":\"https:\/\/leviathan-dynamics.com\/fr\/#organization\",\"name\":\"Leviathan Dynamics\",\"url\":\"https:\/\/leviathan-dynamics.com\/fr\/\",\"logo\":{\"@type\":\"ImageObject\",\"inLanguage\":\"fr-FR\",\"@id\":\"https:\/\/leviathan-dynamics.com\/fr\/#\/schema\/logo\/image\/\",\"url\":\"https:\/\/leviathan-dynamics.com\/wp-content\/uploads\/2025\/06\/logo.png\",\"contentUrl\":\"https:\/\/leviathan-dynamics.com\/wp-content\/uploads\/2025\/06\/logo.png\",\"width\":708,\"height\":224,\"caption\":\"Leviathan Dynamics\"},\"image\":{\"@id\":\"https:\/\/leviathan-dynamics.com\/fr\/#\/schema\/logo\/image\/\"},\"sameAs\":[\"https:\/\/www.linkedin.com\/company\/leviathan-dynamics\"]}]}<\/script>\n<!-- \/ Yoast SEO plugin. -->","yoast_head_json":{"title":"L\u2019impact des gaz fluor\u00e9s (F-gaz) sur l\u2019environnement | Leviathan Dynamics","robots":{"index":"index","follow":"follow","max-snippet":"max-snippet:-1","max-image-preview":"max-image-preview:large","max-video-preview":"max-video-preview:-1"},"canonical":"https:\/\/leviathan-dynamics.com\/fr\/limpact-des-gaz-fluores-f-gaz-sur-lenvironnement\/","og_locale":"fr_FR","og_type":"article","og_title":"L\u2019impact des gaz fluor\u00e9s (F-gaz) sur l\u2019environnement | Leviathan Dynamics","og_url":"https:\/\/leviathan-dynamics.com\/fr\/limpact-des-gaz-fluores-f-gaz-sur-lenvironnement\/","og_site_name":"Leviathan Dynamics","article_modified_time":"2025-11-13T07:18:12+00:00","twitter_card":"summary_large_image","schema":{"@context":"https:\/\/schema.org","@graph":[{"@type":"WebPage","@id":"https:\/\/leviathan-dynamics.com\/fr\/limpact-des-gaz-fluores-f-gaz-sur-lenvironnement\/","url":"https:\/\/leviathan-dynamics.com\/fr\/limpact-des-gaz-fluores-f-gaz-sur-lenvironnement\/","name":"L\u2019impact des gaz fluor\u00e9s (F-gaz) sur l\u2019environnement | Leviathan Dynamics","isPartOf":{"@id":"https:\/\/leviathan-dynamics.com\/fr\/#website"},"datePublished":"2025-05-20T11:22:11+00:00","dateModified":"2025-11-13T07:18:12+00:00","breadcrumb":{"@id":"https:\/\/leviathan-dynamics.com\/fr\/limpact-des-gaz-fluores-f-gaz-sur-lenvironnement\/#breadcrumb"},"inLanguage":"fr-FR","potentialAction":[{"@type":"ReadAction","target":["https:\/\/leviathan-dynamics.com\/fr\/limpact-des-gaz-fluores-f-gaz-sur-lenvironnement\/"]}]},{"@type":"BreadcrumbList","@id":"https:\/\/leviathan-dynamics.com\/fr\/limpact-des-gaz-fluores-f-gaz-sur-lenvironnement\/#breadcrumb","itemListElement":[{"@type":"ListItem","position":1,"name":"Home","item":"https:\/\/leviathan-dynamics.com\/fr\/"},{"@type":"ListItem","position":2,"name":"L\u2019impact des gaz fluor\u00e9s (F-gaz) sur l\u2019environnement"}]},{"@type":"WebSite","@id":"https:\/\/leviathan-dynamics.com\/fr\/#website","url":"https:\/\/leviathan-dynamics.com\/fr\/","name":"Leviathan Dynamics","description":"Specialist in thermodynamic machineries based on Mechanical Vapor Compression","publisher":{"@id":"https:\/\/leviathan-dynamics.com\/fr\/#organization"},"potentialAction":[{"@type":"SearchAction","target":{"@type":"EntryPoint","urlTemplate":"https:\/\/leviathan-dynamics.com\/fr\/?s={search_term_string}"},"query-input":{"@type":"PropertyValueSpecification","valueRequired":true,"valueName":"search_term_string"}}],"inLanguage":"fr-FR"},{"@type":"Organization","@id":"https:\/\/leviathan-dynamics.com\/fr\/#organization","name":"Leviathan Dynamics","url":"https:\/\/leviathan-dynamics.com\/fr\/","logo":{"@type":"ImageObject","inLanguage":"fr-FR","@id":"https:\/\/leviathan-dynamics.com\/fr\/#\/schema\/logo\/image\/","url":"https:\/\/leviathan-dynamics.com\/wp-content\/uploads\/2025\/06\/logo.png","contentUrl":"https:\/\/leviathan-dynamics.com\/wp-content\/uploads\/2025\/06\/logo.png","width":708,"height":224,"caption":"Leviathan Dynamics"},"image":{"@id":"https:\/\/leviathan-dynamics.com\/fr\/#\/schema\/logo\/image\/"},"sameAs":["https:\/\/www.linkedin.com\/company\/leviathan-dynamics"]}]}},"_links":{"self":[{"href":"https:\/\/leviathan-dynamics.com\/fr\/wp-json\/wp\/v2\/pages\/562","targetHints":{"allow":["GET"]}}],"collection":[{"href":"https:\/\/leviathan-dynamics.com\/fr\/wp-json\/wp\/v2\/pages"}],"about":[{"href":"https:\/\/leviathan-dynamics.com\/fr\/wp-json\/wp\/v2\/types\/page"}],"author":[{"embeddable":true,"href":"https:\/\/leviathan-dynamics.com\/fr\/wp-json\/wp\/v2\/users\/1"}],"replies":[{"embeddable":true,"href":"https:\/\/leviathan-dynamics.com\/fr\/wp-json\/wp\/v2\/comments?post=562"}],"version-history":[{"count":3,"href":"https:\/\/leviathan-dynamics.com\/fr\/wp-json\/wp\/v2\/pages\/562\/revisions"}],"predecessor-version":[{"id":1409,"href":"https:\/\/leviathan-dynamics.com\/fr\/wp-json\/wp\/v2\/pages\/562\/revisions\/1409"}],"wp:attachment":[{"href":"https:\/\/leviathan-dynamics.com\/fr\/wp-json\/wp\/v2\/media?parent=562"}],"curies":[{"name":"wp","href":"https:\/\/api.w.org\/{rel}","templated":true}]}}